{"id":2790,"date":"2024-08-30T20:32:41","date_gmt":"2024-08-30T20:32:41","guid":{"rendered":"https:\/\/dusseldorf-tour.com\/?page_id=2790"},"modified":"2024-10-15T14:06:25","modified_gmt":"2024-10-15T14:06:25","slug":"uber-uns","status":"publish","type":"page","link":"https:\/\/dusseldorf-tour.com\/de\/uber-uns\/","title":{"rendered":"Wir \u00fcber uns"},"content":{"rendered":"<div class=\"wp-block-uagb-container uagb-block-a5c34311 alignfull uagb-is-root-container\"><div class=\"uagb-container-inner-blocks-wrap\">\n<div class=\"wp-block-uagb-advanced-heading uagb-block-f6d91ab7\"><h1 class=\"uagb-heading-text\">Nosotros<\/h1><\/div>\n<\/div><\/div>\n\n\n\n<div style=\"height:55px\" aria-hidden=\"true\" class=\"wp-block-spacer\"><\/div>\n\n\n\n<div class=\"wp-block-uagb-container uagb-block-0e168fdb alignfull uagb-is-root-container\"><div class=\"uagb-container-inner-blocks-wrap\">\n<div class=\"wp-block-uagb-container uagb-block-fa93ed65\">\n<figure class=\"wp-block-image size-full\"><img loading=\"lazy\" decoding=\"async\" width=\"2560\" height=\"1707\" src=\"https:\/\/dusseldorf-tour.com\/wp-content\/uploads\/2024\/08\/IMG_0601-2-scaled.jpg\" alt=\"\" class=\"wp-image-2814\" srcset=\"https:\/\/dusseldorf-tour.com\/wp-content\/uploads\/2024\/08\/IMG_0601-2-scaled.jpg 2560w, https:\/\/dusseldorf-tour.com\/wp-content\/uploads\/2024\/08\/IMG_0601-2-300x200.jpg 300w, https:\/\/dusseldorf-tour.com\/wp-content\/uploads\/2024\/08\/IMG_0601-2-1024x683.jpg 1024w, https:\/\/dusseldorf-tour.com\/wp-content\/uploads\/2024\/08\/IMG_0601-2-768x512.jpg 768w, https:\/\/dusseldorf-tour.com\/wp-content\/uploads\/2024\/08\/IMG_0601-2-1536x1024.jpg 1536w, https:\/\/dusseldorf-tour.com\/wp-content\/uploads\/2024\/08\/IMG_0601-2-2048x1365.jpg 2048w\" sizes=\"auto, (max-width: 2560px) 100vw, 2560px\" \/><\/figure>\n<\/div>\n\n\n\n<div class=\"wp-block-uagb-container uagb-block-c6b466a7\">\n<p>Unser gro\u00dfes Abenteuer begann vor einigen Jahren, als wir beschlossen, den Sprung vom neuen auf den alten Kontinent zu wagen und uns in der Region Nordrhein-Westfalen niederlie\u00dfen. Alejandro, ein gro\u00dfer Liebhaber von Geschichten und Legenden, war fasziniert von den Anekdoten der Stadt D\u00fcsseldorf und lernte Ricardo kennen, der seit vielen Jahren als professioneller Fremdenf\u00fchrer t\u00e4tig war und viel Erfahrung in der Leitung von Touren in einem der Wunder der modernen Welt hatte: Chich\u00e9n Itz\u00e1, in Mexiko. Als wir uns f\u00fcr die Kuriosit\u00e4ten und den Geist dieser Stadt begeisterten, wurde uns klar, wie wenig D\u00fcsseldorf bekannt war und wie sch\u00f6n es w\u00e4re, kostenlose oder private F\u00fchrungen durch D\u00fcsseldorf anzubieten. Deshalb haben wir dank Ricardos Erfahrung und guter Laune eine Route entwickelt, die Geschichte, Kultur, Anekdoten und Legenden dieser Stadt miteinander verbindet.<\/p>\n<\/div>\n<\/div><\/div>\n\n\n\n<div class=\"wp-block-uagb-container uagb-block-e83b262b alignfull uagb-is-root-container\"><div class=\"uagb-container-inner-blocks-wrap\">\n<p class=\"has-text-align-left\" style=\"margin-right:0;margin-left:0\">Walking Tour D\u00fcsseldorf bietet kostenlose F\u00fchrungen und private Touren durch die D\u00fcsseldorfer Altstadt an. Unsere Touren sind historisch, aber wir decken auch die kulturelle und soziale Seite der Stadt ab. Dies erlaubt uns, die lokalen und pers\u00f6nlichen Anekdoten zu erz\u00e4hlen, die wir im Laufe der Jahre in der sch\u00f6nen Stadt D\u00fcsseldorf gesammelt haben. Aus diesem Grund k\u00f6nnen wir sagen, dass unsere Tour Ihnen eine authentische und einzigartige Erfahrung des Lebens und der Geschichte dieser alten Stadt am Rhein bietet: D\u00fcsseldorf.<\/p>\n<\/div><\/div>\n\n\n\n<div class=\"wp-block-uagb-container uagb-block-1346a34d alignfull uagb-is-root-container\"><div class=\"uagb-container-inner-blocks-wrap\">\n<div class=\"wp-block-uagb-container uagb-block-b2369c05\">\n<p>Unser Team liebt D\u00fcsseldorf auf seine eigene Art und Weise und das spiegelt sich auch in unseren F\u00fchrungen in D\u00fcsseldorf wider. Von der vorr\u00f6mischen Zeit bis zur Nachkriegszeit umfasst jede Tour die Entwicklung der Stadt und die Geschichten ihrer prominenten Pers\u00f6nlichkeiten. Neben historischen Fakten h\u00f6ren Sie pers\u00f6nliche und lokale Anekdoten, urbane Legenden, touristische Tipps, Schnitzeljagden und rezitierte Gedichte. All dies wird durch Bilder erg\u00e4nzt, die die Tour sowohl lehrreich als auch unterhaltsam machen und so ein authentisches und einzigartiges Erlebnis auf unseren Stadtrundg\u00e4ngen garantieren.<\/p>\n<\/div>\n\n\n\n<div class=\"wp-block-uagb-container uagb-block-74c7ff22\">\n<figure class=\"wp-block-image alignwide size-large\"><img loading=\"lazy\" decoding=\"async\" width=\"1024\" height=\"683\" src=\"https:\/\/dusseldorf-tour.com\/wp-content\/uploads\/2024\/09\/03-1024x683.jpg\" alt=\"\" class=\"wp-image-2854\" srcset=\"https:\/\/dusseldorf-tour.com\/wp-content\/uploads\/2024\/09\/03-1024x683.jpg 1024w, https:\/\/dusseldorf-tour.com\/wp-content\/uploads\/2024\/09\/03-300x200.jpg 300w, https:\/\/dusseldorf-tour.com\/wp-content\/uploads\/2024\/09\/03-768x512.jpg 768w, https:\/\/dusseldorf-tour.com\/wp-content\/uploads\/2024\/09\/03-1536x1024.jpg 1536w, https:\/\/dusseldorf-tour.com\/wp-content\/uploads\/2024\/09\/03-2048x1365.jpg 2048w\" sizes=\"auto, (max-width: 1024px) 100vw, 1024px\" \/><\/figure>\n<\/div>\n<\/div><\/div>\n\n\n\n<div class=\"wp-block-uagb-container uagb-block-d44b1efa alignfull uagb-is-root-container\"><div class=\"uagb-container-inner-blocks-wrap\">\n<p><\/p>\n\n\n\n<p class=\"has-text-align-left\">Warum steht eine Ente mit einem roten Regenschirm f\u00fcr unsere Tour? Die Ente mit dem roten Regenschirm ist das perfekte Symbol f\u00fcr unsere Walking Tours in D\u00fcsseldorf, denn sie spiegelt das Wesen der Stadt und das Erlebnis wider, das wir anbieten. Enten sind bekannt f\u00fcr ihr ruhiges Wesen und ihre Bewegungsfreiheit, aber auch f\u00fcr ihre F\u00e4higkeit, mit ihrer Wendigkeit und Ausdauer zu \u00fcberraschen. Es ist ein sehr attraktives Symbol, das uns inspiriert, aber auch am\u00fcsiert.<\/p>\n\n\n\n<p><\/p>\n<\/div><\/div>\n\n\n\n<div class=\"wp-block-uagb-container uagb-block-4e0ba657 alignfull uagb-is-root-container\"><div class=\"uagb-container-inner-blocks-wrap\">\n<div class=\"wp-block-uagb-container uagb-block-a2a81493\">\n<figure class=\"wp-block-image size-large\"><img loading=\"lazy\" decoding=\"async\" width=\"1024\" height=\"683\" src=\"https:\/\/dusseldorf-tour.com\/wp-content\/uploads\/2024\/09\/01-1024x683.jpg\" alt=\"\" class=\"wp-image-2851\" srcset=\"https:\/\/dusseldorf-tour.com\/wp-content\/uploads\/2024\/09\/01-1024x683.jpg 1024w, https:\/\/dusseldorf-tour.com\/wp-content\/uploads\/2024\/09\/01-300x200.jpg 300w, https:\/\/dusseldorf-tour.com\/wp-content\/uploads\/2024\/09\/01-768x512.jpg 768w, https:\/\/dusseldorf-tour.com\/wp-content\/uploads\/2024\/09\/01-1536x1024.jpg 1536w, https:\/\/dusseldorf-tour.com\/wp-content\/uploads\/2024\/09\/01-2048x1365.jpg 2048w\" sizes=\"auto, (max-width: 1024px) 100vw, 1024px\" \/><\/figure>\n<\/div>\n\n\n\n<div class=\"wp-block-uagb-container uagb-block-9af68876\">\n<p>So haben wir unsere Routen in D\u00fcsseldorf geplant: entspannt und angenehm, aber immer bereit, Ihnen etwas Unerwartetes und Faszinierendes zu zeigen. So wie eine Ente neue Horizonte erkundet, f\u00fchren wir Sie zu den charmantesten und weniger bekannten Ecken von D\u00fcsseldorf. Das Rot und Wei\u00df des Regenschirms ist kein Zufall. Dies sind die Farben der D\u00fcsseldorfer Flagge und des Wappens, die Farben der D\u00fcsseldorfer Mannschaft und der Geist, den wir auf unserer Walking Tour vermitteln.<\/p>\n<\/div>\n<\/div><\/div>\n\n\n\n<div style=\"height:75px\" aria-hidden=\"true\" class=\"wp-block-spacer\"><\/div>\n\n\n\n<div class=\"wp-block-uagb-marketing-button uagb-marketing-btn__align-center uagb-marketing-btn__align-text-center uagb-marketing-btn__icon-after uagb-block-09c872c8 wp-block-button\"><a href=\"https:\/\/dusseldorf-tour.com\/de\/buchung\/\" class=\"uagb-marketing-btn__link wp-block-button__link\" target=\"\" rel=\"noopener noreferrer\"><span class=\"uagb-marketing-btn__title\">Jetzt buchen<\/span><\/a><\/div>\n\n\n\n<div style=\"height:50px\" aria-hidden=\"true\" class=\"wp-block-spacer\"><\/div>\n\n\n\n<div class=\"wp-block-uagb-container uagb-layout-flex uagb-block-0ba8f158 alignfull uagb-is-root-container\"><div class=\"uagb-container-inner-blocks-wrap\">\n<div class=\"wp-block-uagb-container uagb-block-ba68a584\">\n<figure class=\"wp-block-image size-full is-resized\"><a href=\"https:\/\/www.facebook.com\/people\/Walking-Tour-D%C3%BCsseldorf\/61567300466492\/\" target=\"_blank\" rel=\"noreferrer noopener\"><img loading=\"lazy\" decoding=\"async\" width=\"500\" height=\"500\" src=\"https:\/\/dusseldorf-tour.com\/wp-content\/uploads\/2024\/09\/3-4.png\" alt=\"\" class=\"wp-image-3393\" style=\"width:26px;height:auto\" srcset=\"https:\/\/dusseldorf-tour.com\/wp-content\/uploads\/2024\/09\/3-4.png 500w, https:\/\/dusseldorf-tour.com\/wp-content\/uploads\/2024\/09\/3-4-300x300.png 300w, https:\/\/dusseldorf-tour.com\/wp-content\/uploads\/2024\/09\/3-4-150x150.png 150w, https:\/\/dusseldorf-tour.com\/wp-content\/uploads\/2024\/09\/3-4-12x12.png 12w\" sizes=\"auto, (max-width: 500px) 100vw, 500px\" \/><\/a><\/figure>\n<\/div>\n\n\n\n<div class=\"wp-block-uagb-container uagb-block-174852f5\">\n<figure class=\"wp-block-image size-full is-resized\"><a href=\"https:\/\/www.instagram.com\/walkingtourduss\/\" target=\"_blank\" rel=\"noreferrer noopener\"><img loading=\"lazy\" decoding=\"async\" width=\"500\" height=\"500\" src=\"https:\/\/dusseldorf-tour.com\/wp-content\/uploads\/2024\/09\/4-5.png\" alt=\"\" class=\"wp-image-3399\" style=\"width:26px\" srcset=\"https:\/\/dusseldorf-tour.com\/wp-content\/uploads\/2024\/09\/4-5.png 500w, https:\/\/dusseldorf-tour.com\/wp-content\/uploads\/2024\/09\/4-5-300x300.png 300w, https:\/\/dusseldorf-tour.com\/wp-content\/uploads\/2024\/09\/4-5-150x150.png 150w, https:\/\/dusseldorf-tour.com\/wp-content\/uploads\/2024\/09\/4-5-12x12.png 12w\" sizes=\"auto, (max-width: 500px) 100vw, 500px\" \/><\/a><\/figure>\n<\/div>\n\n\n\n<div class=\"wp-block-uagb-container uagb-block-f9946bac\">\n<figure class=\"wp-block-image size-full is-resized is-style-default\"><a href=\"https:\/\/wa.me\/4915566131208\" target=\"_blank\" rel=\"noreferrer noopener\"><img loading=\"lazy\" decoding=\"async\" width=\"500\" height=\"500\" src=\"https:\/\/dusseldorf-tour.com\/wp-content\/uploads\/2024\/09\/6-2.png\" alt=\"\" class=\"wp-image-3401\" style=\"width:26px\" srcset=\"https:\/\/dusseldorf-tour.com\/wp-content\/uploads\/2024\/09\/6-2.png 500w, https:\/\/dusseldorf-tour.com\/wp-content\/uploads\/2024\/09\/6-2-300x300.png 300w, https:\/\/dusseldorf-tour.com\/wp-content\/uploads\/2024\/09\/6-2-150x150.png 150w, https:\/\/dusseldorf-tour.com\/wp-content\/uploads\/2024\/09\/6-2-12x12.png 12w\" sizes=\"auto, (max-width: 500px) 100vw, 500px\" \/><\/a><\/figure>\n<\/div>\n\n\n\n<div class=\"wp-block-uagb-container uagb-block-a2defd7f\">\n<figure class=\"wp-block-image size-full is-resized\"><a href=\"https:\/\/www.guruwalk.com\/es\/walks\/57431-free-walking-tour-en-dusseldorf-el-tour-mas-completo-y-bonito-de-la-ciudad\" target=\"_blank\" rel=\"noreferrer noopener\"><img loading=\"lazy\" decoding=\"async\" width=\"500\" height=\"500\" src=\"https:\/\/dusseldorf-tour.com\/wp-content\/uploads\/2024\/09\/2-5.png\" alt=\"\" class=\"wp-image-3397\" style=\"width:26px\" srcset=\"https:\/\/dusseldorf-tour.com\/wp-content\/uploads\/2024\/09\/2-5.png 500w, https:\/\/dusseldorf-tour.com\/wp-content\/uploads\/2024\/09\/2-5-300x300.png 300w, https:\/\/dusseldorf-tour.com\/wp-content\/uploads\/2024\/09\/2-5-150x150.png 150w, https:\/\/dusseldorf-tour.com\/wp-content\/uploads\/2024\/09\/2-5-12x12.png 12w\" sizes=\"auto, (max-width: 500px) 100vw, 500px\" \/><\/a><\/figure>\n<\/div>\n\n\n\n<div class=\"wp-block-uagb-container uagb-block-d4e2485e\">\n<figure class=\"wp-block-image size-full is-resized\"><a href=\"https:\/\/g.page\/r\/CaUF7_PIY9Y6EBM\/review\" target=\"_blank\" rel=\"noreferrer noopener\"><img loading=\"lazy\" decoding=\"async\" width=\"500\" height=\"500\" src=\"https:\/\/dusseldorf-tour.com\/wp-content\/uploads\/2024\/09\/1-5.png\" alt=\"\" class=\"wp-image-3396\" style=\"width:26px\" srcset=\"https:\/\/dusseldorf-tour.com\/wp-content\/uploads\/2024\/09\/1-5.png 500w, https:\/\/dusseldorf-tour.com\/wp-content\/uploads\/2024\/09\/1-5-300x300.png 300w, https:\/\/dusseldorf-tour.com\/wp-content\/uploads\/2024\/09\/1-5-150x150.png 150w, https:\/\/dusseldorf-tour.com\/wp-content\/uploads\/2024\/09\/1-5-12x12.png 12w\" sizes=\"auto, (max-width: 500px) 100vw, 500px\" \/><\/a><\/figure>\n<\/div>\n\n\n\n<div class=\"wp-block-uagb-container uagb-block-993a2c87\">\n<figure class=\"wp-block-image size-full is-resized\"><a href=\"https:\/\/www.tripadvisor.com\/Attraction_Review-g187373-d28158289-Reviews-Walking_Tour_Dusseldorf-Dusseldorf_North_Rhine_Westphalia.html\" target=\"_blank\" rel=\"noreferrer noopener\"><img loading=\"lazy\" decoding=\"async\" width=\"500\" height=\"500\" src=\"https:\/\/dusseldorf-tour.com\/wp-content\/uploads\/2024\/09\/5-1.png\" alt=\"\" class=\"wp-image-3400\" style=\"width:26px\" srcset=\"https:\/\/dusseldorf-tour.com\/wp-content\/uploads\/2024\/09\/5-1.png 500w, https:\/\/dusseldorf-tour.com\/wp-content\/uploads\/2024\/09\/5-1-300x300.png 300w, https:\/\/dusseldorf-tour.com\/wp-content\/uploads\/2024\/09\/5-1-150x150.png 150w, https:\/\/dusseldorf-tour.com\/wp-content\/uploads\/2024\/09\/5-1-12x12.png 12w\" sizes=\"auto, (max-width: 500px) 100vw, 500px\" \/><\/a><\/figure>\n<\/div>\n<\/div><\/div>\n\n\n\n<div style=\"height:75px\" aria-hidden=\"true\" class=\"wp-block-spacer\"><\/div>","protected":false},"excerpt":{"rendered":"<p>Nosotros Our great adventure began a few years ago when we decided to make the leap from the new to [&hellip;]<\/p>\n","protected":false},"author":1,"featured_media":0,"parent":0,"menu_order":0,"comment_status":"closed","ping_status":"closed","template":"","meta":{"rank_math_lock_modified_date":false,"_uag_custom_page_level_css":"","site-sidebar-layout":"default","site-content-layout":"","ast-site-content-layout":"default","site-content-style":"default","site-sidebar-style":"default","ast-global-header-display":"","ast-banner-title-visibility":"","ast-main-header-display":"","ast-hfb-above-header-display":"","ast-hfb-below-header-display":"","ast-hfb-mobile-header-display":"","site-post-title":"disabled","ast-breadcrumbs-content":"","ast-featured-img":"","footer-sml-layout":"","theme-transparent-header-meta":"","adv-header-id-meta":"","stick-header-meta":"","header-above-stick-meta":"","header-main-stick-meta":"","header-below-stick-meta":"","astra-migrate-meta-layouts":"set","ast-page-background-enabled":"default","ast-page-background-meta":{"desktop":{"background-color":"","background-image":"","background-repeat":"repeat","background-position":"center center","background-size":"auto","background-attachment":"scroll","background-type":"","background-media":"","overlay-type":"","overlay-color":"","overlay-opacity":"","overlay-gradient":""},"tablet":{"background-color":"","background-image":"","background-repeat":"repeat","background-position":"center center","background-size":"auto","background-attachment":"scroll","background-type":"","background-media":"","overlay-type":"","overlay-color":"","overlay-opacity":"","overlay-gradient":""},"mobile":{"background-color":"","background-image":"","background-repeat":"repeat","background-position":"center center","background-size":"auto","background-attachment":"scroll","background-type":"","background-media":"","overlay-type":"","overlay-color":"","overlay-opacity":"","overlay-gradient":""}},"ast-content-background-meta":{"desktop":{"background-color":"var(--ast-global-color-5)","background-image":"","background-repeat":"repeat","background-position":"center center","background-size":"auto","background-attachment":"scroll","background-type":"","background-media":"","overlay-type":"","overlay-color":"","overlay-opacity":"","overlay-gradient":""},"tablet":{"background-color":"var(--ast-global-color-5)","background-image":"","background-repeat":"repeat","background-position":"center center","background-size":"auto","background-attachment":"scroll","background-type":"","background-media":"","overlay-type":"","overlay-color":"","overlay-opacity":"","overlay-gradient":""},"mobile":{"background-color":"var(--ast-global-color-5)","background-image":"","background-repeat":"repeat","background-position":"center center","background-size":"auto","background-attachment":"scroll","background-type":"","background-media":"","overlay-type":"","overlay-color":"","overlay-opacity":"","overlay-gradient":""}},"footnotes":""},"class_list":["post-2790","page","type-page","status-publish","hentry"],"uagb_featured_image_src":{"full":false,"thumbnail":false,"medium":false,"medium_large":false,"large":false,"1536x1536":false,"2048x2048":false,"trp-custom-language-flag":false},"uagb_author_info":{"display_name":"arios1591@gmail.com","author_link":"https:\/\/dusseldorf-tour.com\/de\/author\/arios1591gmail-com\/"},"uagb_comment_info":0,"uagb_excerpt":"Nosotros Our great adventure began a few years ago when we decided to make the leap from the new to [&hellip;]","_links":{"self":[{"href":"https:\/\/dusseldorf-tour.com\/de\/wp-json\/wp\/v2\/pages\/2790","targetHints":{"allow":["GET"]}}],"collection":[{"href":"https:\/\/dusseldorf-tour.com\/de\/wp-json\/wp\/v2\/pages"}],"about":[{"href":"https:\/\/dusseldorf-tour.com\/de\/wp-json\/wp\/v2\/types\/page"}],"author":[{"embeddable":true,"href":"https:\/\/dusseldorf-tour.com\/de\/wp-json\/wp\/v2\/users\/1"}],"replies":[{"embeddable":true,"href":"https:\/\/dusseldorf-tour.com\/de\/wp-json\/wp\/v2\/comments?post=2790"}],"version-history":[{"count":47,"href":"https:\/\/dusseldorf-tour.com\/de\/wp-json\/wp\/v2\/pages\/2790\/revisions"}],"predecessor-version":[{"id":3773,"href":"https:\/\/dusseldorf-tour.com\/de\/wp-json\/wp\/v2\/pages\/2790\/revisions\/3773"}],"wp:attachment":[{"href":"https:\/\/dusseldorf-tour.com\/de\/wp-json\/wp\/v2\/media?parent=2790"}],"curies":[{"name":"wp","href":"https:\/\/api.w.org\/{rel}","templated":true}]}}