{"id":3459,"date":"2024-10-05T16:54:22","date_gmt":"2024-10-05T16:54:22","guid":{"rendered":"https:\/\/dusseldorf-tour.com\/?page_id=3459"},"modified":"2024-10-15T14:05:09","modified_gmt":"2024-10-15T14:05:09","slug":"gracias","status":"publish","type":"page","link":"https:\/\/dusseldorf-tour.com\/de\/gracias\/","title":{"rendered":"Gracias"},"content":{"rendered":"<div class=\"wp-block-uagb-container uagb-block-d58e157e alignfull uagb-is-root-container\"><div class=\"uagb-container-inner-blocks-wrap\">\n<div class=\"wp-block-uagb-advanced-heading uagb-block-f6d91ab7\"><h1 class=\"uagb-heading-text\">Gracias \ud83d\ude0a<\/h1><\/div>\n<\/div><\/div>\n\n\n\n<div class=\"wp-block-uagb-container uagb-block-c7e77c00 alignfull uagb-is-root-container\"><div class=\"uagb-container-inner-blocks-wrap\">\n<div style=\"height:50px\" aria-hidden=\"true\" class=\"wp-block-spacer\"><\/div>\n\n\n\n<div class=\"wp-block-uagb-advanced-heading uagb-block-44bd6f10\"><h2 class=\"uagb-heading-text\">Rundgang D\u00fcsseldorf<\/h2><\/div>\n\n\n\n<div style=\"height:25px\" aria-hidden=\"true\" class=\"wp-block-spacer\"><\/div>\n\n\n\n<p>Hola,<br><br>Estos son los lugares que recomend\u00e9 durante nuestra Tour (y tambi\u00e9n algunos que les puede interesar):<br><br>1. Takumi (Rahmen)<br>2. Janes (Schweinehaxe o codillo)<br>3. Eko Haus (Jard\u00edn Japones con Templo Budista)<br>4. Bunker de la Segunda Guerra Mundial<br>5. Eventos debajo del puente (la p\u00e1gina se ve el evento y la hora de inicio)<br>6. Ticket Grupal para visitar otras ciudades de la Regi\u00f3n<\/p>\n\n\n\n<p class=\"has-text-align-center\" style=\"font-size:11px\"><em>Si buscan m\u00e1s recomendaciones para su visita a D\u00fcsseldorf, los invito a seguir explorando esta p\u00e1gina. He recolectado informaci\u00f3n detallada sobre todo lo que la ciudad tiene para ofrecer: museos, atracciones, restaurantes, caf\u00e9s, tiendas de souvenirs, y mucho m\u00e1s<\/em>.<\/p>\n<\/div><\/div>\n\n\n\n<div class=\"wp-block-uagb-container uagb-block-43f76caa default uagb-is-root-container\">\n<div class=\"wp-block-uagb-container uagb-block-f0952068\">\n<figure class=\"wp-block-image size-large has-custom-border\"><a href=\"https:\/\/maps.app.goo.gl\/9dRuMiwLJhAHL5mZA\" target=\"_blank\" rel=\"noopener\"><img loading=\"lazy\" decoding=\"async\" width=\"469\" height=\"469\" src=\"https:\/\/dusseldorf-tour.com\/wp-content\/uploads\/2024\/10\/1.png\" alt=\"\" class=\"wp-image-3536\" style=\"border-style:none;border-width:0px\" srcset=\"https:\/\/dusseldorf-tour.com\/wp-content\/uploads\/2024\/10\/1.png 469w, https:\/\/dusseldorf-tour.com\/wp-content\/uploads\/2024\/10\/1-300x300.png 300w, https:\/\/dusseldorf-tour.com\/wp-content\/uploads\/2024\/10\/1-150x150.png 150w, https:\/\/dusseldorf-tour.com\/wp-content\/uploads\/2024\/10\/1-12x12.png 12w\" sizes=\"auto, (max-width: 469px) 100vw, 469px\" \/><\/a><\/figure>\n<\/div>\n\n\n\n<div class=\"wp-block-uagb-container uagb-block-e50a6024\">\n<figure class=\"wp-block-image size-large has-custom-border\"><a href=\"https:\/\/maps.app.goo.gl\/29zHkmdyQ5jDVVpLA\" target=\"_blank\" rel=\"noopener\"><img loading=\"lazy\" decoding=\"async\" width=\"469\" height=\"469\" src=\"https:\/\/dusseldorf-tour.com\/wp-content\/uploads\/2024\/10\/3.png\" alt=\"\" class=\"wp-image-3538\" style=\"border-style:none;border-width:0px\" srcset=\"https:\/\/dusseldorf-tour.com\/wp-content\/uploads\/2024\/10\/3.png 469w, https:\/\/dusseldorf-tour.com\/wp-content\/uploads\/2024\/10\/3-300x300.png 300w, https:\/\/dusseldorf-tour.com\/wp-content\/uploads\/2024\/10\/3-150x150.png 150w, https:\/\/dusseldorf-tour.com\/wp-content\/uploads\/2024\/10\/3-12x12.png 12w\" sizes=\"auto, (max-width: 469px) 100vw, 469px\" \/><\/a><\/figure>\n<\/div>\n\n\n\n<div class=\"wp-block-uagb-container uagb-block-b06ed72e\">\n<figure class=\"wp-block-image size-large\"><a href=\"https:\/\/maps.app.goo.gl\/a57HAd13Bzmmk7Ns5\" target=\"_blank\" rel=\"noopener\"><img loading=\"lazy\" decoding=\"async\" width=\"469\" height=\"469\" src=\"https:\/\/dusseldorf-tour.com\/wp-content\/uploads\/2024\/10\/2.png\" alt=\"\" class=\"wp-image-3537\" srcset=\"https:\/\/dusseldorf-tour.com\/wp-content\/uploads\/2024\/10\/2.png 469w, https:\/\/dusseldorf-tour.com\/wp-content\/uploads\/2024\/10\/2-300x300.png 300w, https:\/\/dusseldorf-tour.com\/wp-content\/uploads\/2024\/10\/2-150x150.png 150w, https:\/\/dusseldorf-tour.com\/wp-content\/uploads\/2024\/10\/2-12x12.png 12w\" sizes=\"auto, (max-width: 469px) 100vw, 469px\" \/><\/a><\/figure>\n<\/div>\n<\/div>\n\n\n\n<div class=\"wp-block-uagb-container uagb-block-45fb5621 default uagb-is-root-container\">\n<div class=\"wp-block-uagb-container uagb-block-267fb22b\">\n<div class=\"wp-block-uagb-image uagb-block-73590d5e wp-block-uagb-image--layout-default wp-block-uagb-image--effect-static wp-block-uagb-image--align-none\"><figure class=\"wp-block-uagb-image__figure\"><a class=\"\" href=\"https:\/\/maps.app.goo.gl\/sFePJbzuVPZLeaXA9\" target=\"\" rel=\"noopener\"><img decoding=\"async\" srcset=\"https:\/\/dusseldorf-tour.com\/wp-content\/uploads\/2024\/10\/4-2.png ,https:\/\/dusseldorf-tour.com\/wp-content\/uploads\/2024\/10\/4-2.png 780w, https:\/\/dusseldorf-tour.com\/wp-content\/uploads\/2024\/10\/4-2.png 360w\" sizes=\"auto, (max-width: 480px) 150px\" src=\"https:\/\/dusseldorf-tour.com\/wp-content\/uploads\/2024\/10\/4-2.png\" alt=\"\" class=\"uag-image-3674\" width=\"469\" height=\"469\" title=\"4\" loading=\"lazy\" role=\"img\"\/><\/a><\/figure><\/div>\n<\/div>\n\n\n\n<div class=\"wp-block-uagb-container uagb-block-3fe48dd7\">\n<div class=\"wp-block-uagb-image uagb-block-26b66654 wp-block-uagb-image--layout-default wp-block-uagb-image--effect-static wp-block-uagb-image--align-none\"><figure class=\"wp-block-uagb-image__figure\"><a class=\"\" href=\"https:\/\/www.stadtstrand-duesseldorf.de\/strandprogramm\/alle-events\" target=\"\" rel=\"noopener\"><img decoding=\"async\" srcset=\"https:\/\/dusseldorf-tour.com\/wp-content\/uploads\/2024\/10\/Sin-titulo-360-x-350-px-360-x-350-px-280-x-280-px-150-x-150-px.png ,https:\/\/dusseldorf-tour.com\/wp-content\/uploads\/2024\/10\/Sin-titulo-360-x-350-px-360-x-350-px-280-x-280-px-150-x-150-px.png 780w, https:\/\/dusseldorf-tour.com\/wp-content\/uploads\/2024\/10\/Sin-titulo-360-x-350-px-360-x-350-px-280-x-280-px-150-x-150-px.png 360w\" sizes=\"auto, (max-width: 480px) 150px\" src=\"https:\/\/dusseldorf-tour.com\/wp-content\/uploads\/2024\/10\/Sin-titulo-360-x-350-px-360-x-350-px-280-x-280-px-150-x-150-px.png\" alt=\"\" class=\"uag-image-3540\" width=\"469\" height=\"469\" title=\"Sin ti\u0301tulo (360 x 350 px) (360 x 350 px) (280 x 280 px) (150 x 150 px)\" loading=\"lazy\" role=\"img\"\/><\/a><\/figure><\/div>\n<\/div>\n\n\n\n<div class=\"wp-block-uagb-container uagb-block-6b55f3bd\">\n<div class=\"wp-block-uagb-image uagb-block-6a44d984 wp-block-uagb-image--layout-default wp-block-uagb-image--effect-static wp-block-uagb-image--align-none\"><figure class=\"wp-block-uagb-image__figure\"><a class=\"\" href=\"https:\/\/int.bahn.de\/en\/buchung\/katalog\/REGIONALEANGEBOTE\/NRKSTTL00002O206\" target=\"\" rel=\"noopener\"><img decoding=\"async\" srcset=\"https:\/\/dusseldorf-tour.com\/wp-content\/uploads\/2024\/10\/6-1.png ,https:\/\/dusseldorf-tour.com\/wp-content\/uploads\/2024\/10\/6-1.png 780w, https:\/\/dusseldorf-tour.com\/wp-content\/uploads\/2024\/10\/6-1.png 360w\" sizes=\"auto, (max-width: 480px) 150px\" src=\"https:\/\/dusseldorf-tour.com\/wp-content\/uploads\/2024\/10\/6-1.png\" alt=\"\" class=\"uag-image-3671\" width=\"469\" height=\"469\" title=\"6\" loading=\"lazy\" role=\"img\"\/><\/a><\/figure><\/div>\n<\/div>\n<\/div>\n\n\n\n<div style=\"height:36px\" aria-hidden=\"true\" class=\"wp-block-spacer\"><\/div>\n\n\n\n<div class=\"wp-block-uagb-container uagb-block-4b643065 alignfull uagb-is-root-container\"><div class=\"uagb-container-inner-blocks-wrap\">\n<div class=\"wp-block-uagb-container uagb-block-b2aa8294 alignfull uagb-is-root-container\"><div class=\"uagb-container-inner-blocks-wrap\">\n<p class=\"has-text-align-center\" style=\"font-size:10px\"><strong>Bonus<\/strong>: Cup\u00f3n de bebida gratis en el Restaurant <br><a href=\"https:\/\/maps.app.goo.gl\/9x4AnuPnttVs6ab59\" target=\"_blank\" rel=\"noopener\">HEXE Bolker 4 <\/a><br><a href=\"https:\/\/maps.app.goo.gl\/9x4AnuPnttVs6ab59\" target=\"_blank\" rel=\"noopener\">(ver direcci\u00f3n)<\/a> <br>click aqu\u00ed =\u27a4<\/p>\n<\/div><\/div>\n\n\n\n<div class=\"wp-block-uagb-container uagb-block-a75762df\">\n<div class=\"wp-block-uagb-image aligncenter uagb-block-338dfe1b wp-block-uagb-image--layout-default wp-block-uagb-image--effect-static wp-block-uagb-image--align-center is-style-default\"><figure class=\"wp-block-uagb-image__figure\"><a class=\"\" href=\"https:\/\/dusseldorf-tour.com\/wp-content\/uploads\/2024\/10\/PHOTO-2024-09-12-10-35-18.jpg\" target=\"_blank\" rel=\"noreferrer noopener\"><img decoding=\"async\" srcset=\"https:\/\/dusseldorf-tour.com\/wp-content\/uploads\/2024\/09\/IMG_0627-2-1-300x200.jpg ,https:\/\/dusseldorf-tour.com\/wp-content\/uploads\/2024\/09\/IMG_0627-2-1-scaled.jpg 780w, https:\/\/dusseldorf-tour.com\/wp-content\/uploads\/2024\/09\/IMG_0627-2-1-scaled.jpg 360w\" sizes=\"auto, (max-width: 480px) 150px\" src=\"https:\/\/dusseldorf-tour.com\/wp-content\/uploads\/2024\/09\/IMG_0627-2-1-300x200.jpg\" alt=\"\" class=\"uag-image-2849\" width=\"143\" height=\"95\" title=\"IMG_0627-2\" loading=\"lazy\" role=\"img\"\/><\/a><\/figure><\/div>\n<\/div>\n<\/div><\/div>\n\n\n\n<div class=\"wp-block-uagb-container uagb-block-1758e38d alignfull uagb-is-root-container\"><div class=\"uagb-container-inner-blocks-wrap\"><\/div><\/div>\n\n\n\n<div style=\"height:30px\" aria-hidden=\"true\" class=\"wp-block-spacer\"><\/div>\n\n\n\n<div style=\"height:30px\" aria-hidden=\"true\" class=\"wp-block-spacer\"><\/div>\n\n\n\n<div class=\"wp-block-uagb-container uagb-block-6f1e7a7d alignfull uagb-is-root-container\"><div class=\"uagb-container-inner-blocks-wrap\">\n<div class=\"wp-block-uagb-container uagb-block-b952dbe3\">\n<p class=\"has-text-align-center\"><strong><em>Si les gust\u00f3 agradecer\u00eda much\u00edsimo si con un par de clicks me regalan una bonita calificaci\u00f3n en Tripadvisor o en Google<\/em>. <br><em>Much\u00edsimas Gracias<\/em> \ud83d\ude42<\/strong><\/p>\n\n\n\n<div class=\"wp-block-uagb-star-rating uagb-block-a4dc1da5\"><div class=\"uag-star-rating\" title=\"5\/5\"><span class=\"uag-star\">\u2605<\/span><span class=\"uag-star\">\u2605<\/span><span class=\"uag-star\">\u2605<\/span><span class=\"uag-star\">\u2605<\/span><span class=\"uag-star\">\u2605<\/span><\/div><\/div>\n\n\n\n<div style=\"height:10px\" aria-hidden=\"true\" class=\"wp-block-spacer\"><\/div>\n\n\n\n<div class=\"wp-block-uagb-container uagb-layout-flex uagb-block-0ba8f158 alignfull uagb-is-root-container\"><div class=\"uagb-container-inner-blocks-wrap\">\n<div class=\"wp-block-uagb-container uagb-block-ba68a584\">\n<figure class=\"wp-block-image size-full is-resized\"><a href=\"https:\/\/www.facebook.com\/people\/Walking-Tour-D%C3%BCsseldorf\/61567300466492\/\" target=\"_blank\" rel=\"noreferrer noopener\"><img loading=\"lazy\" decoding=\"async\" width=\"500\" height=\"500\" src=\"https:\/\/dusseldorf-tour.com\/wp-content\/uploads\/2024\/09\/3-4.png\" alt=\"\" class=\"wp-image-3393\" style=\"width:26px\" srcset=\"https:\/\/dusseldorf-tour.com\/wp-content\/uploads\/2024\/09\/3-4.png 500w, https:\/\/dusseldorf-tour.com\/wp-content\/uploads\/2024\/09\/3-4-300x300.png 300w, https:\/\/dusseldorf-tour.com\/wp-content\/uploads\/2024\/09\/3-4-150x150.png 150w, https:\/\/dusseldorf-tour.com\/wp-content\/uploads\/2024\/09\/3-4-12x12.png 12w\" sizes=\"auto, (max-width: 500px) 100vw, 500px\" \/><\/a><\/figure>\n<\/div>\n\n\n\n<div class=\"wp-block-uagb-container uagb-block-174852f5\">\n<figure class=\"wp-block-image size-full is-resized\"><a href=\"https:\/\/www.instagram.com\/walkingtourduss\/\" target=\"_blank\" rel=\"noreferrer noopener\"><img loading=\"lazy\" decoding=\"async\" width=\"500\" height=\"500\" src=\"https:\/\/dusseldorf-tour.com\/wp-content\/uploads\/2024\/09\/4-5.png\" alt=\"\" class=\"wp-image-3399\" style=\"width:26px\" srcset=\"https:\/\/dusseldorf-tour.com\/wp-content\/uploads\/2024\/09\/4-5.png 500w, https:\/\/dusseldorf-tour.com\/wp-content\/uploads\/2024\/09\/4-5-300x300.png 300w, https:\/\/dusseldorf-tour.com\/wp-content\/uploads\/2024\/09\/4-5-150x150.png 150w, https:\/\/dusseldorf-tour.com\/wp-content\/uploads\/2024\/09\/4-5-12x12.png 12w\" sizes=\"auto, (max-width: 500px) 100vw, 500px\" \/><\/a><\/figure>\n<\/div>\n\n\n\n<div class=\"wp-block-uagb-container uagb-block-d4e2485e\">\n<figure class=\"wp-block-image size-full is-resized\"><a href=\"https:\/\/g.page\/r\/CaUF7_PIY9Y6EBM\/review\" target=\"_blank\" rel=\"noreferrer noopener\"><img loading=\"lazy\" decoding=\"async\" width=\"500\" height=\"500\" src=\"https:\/\/dusseldorf-tour.com\/wp-content\/uploads\/2024\/09\/1-5.png\" alt=\"\" class=\"wp-image-3396\" style=\"width:27px;height:auto\" srcset=\"https:\/\/dusseldorf-tour.com\/wp-content\/uploads\/2024\/09\/1-5.png 500w, https:\/\/dusseldorf-tour.com\/wp-content\/uploads\/2024\/09\/1-5-300x300.png 300w, https:\/\/dusseldorf-tour.com\/wp-content\/uploads\/2024\/09\/1-5-150x150.png 150w, https:\/\/dusseldorf-tour.com\/wp-content\/uploads\/2024\/09\/1-5-12x12.png 12w\" sizes=\"auto, (max-width: 500px) 100vw, 500px\" \/><\/a><\/figure>\n<\/div>\n\n\n\n<div class=\"wp-block-uagb-container uagb-block-993a2c87\">\n<figure class=\"wp-block-image size-full is-resized\"><a href=\"https:\/\/www.tripadvisor.com\/Attraction_Review-g187373-d28158289-Reviews-Walking_Tour_Dusseldorf-Dusseldorf_North_Rhine_Westphalia.html\" target=\"_blank\" rel=\"noreferrer noopener\"><img loading=\"lazy\" decoding=\"async\" width=\"500\" height=\"500\" src=\"https:\/\/dusseldorf-tour.com\/wp-content\/uploads\/2024\/09\/5-1.png\" alt=\"\" class=\"wp-image-3400\" style=\"width:26px\" srcset=\"https:\/\/dusseldorf-tour.com\/wp-content\/uploads\/2024\/09\/5-1.png 500w, https:\/\/dusseldorf-tour.com\/wp-content\/uploads\/2024\/09\/5-1-300x300.png 300w, https:\/\/dusseldorf-tour.com\/wp-content\/uploads\/2024\/09\/5-1-150x150.png 150w, https:\/\/dusseldorf-tour.com\/wp-content\/uploads\/2024\/09\/5-1-12x12.png 12w\" sizes=\"auto, (max-width: 500px) 100vw, 500px\" \/><\/a><\/figure>\n<\/div>\n<\/div><\/div>\n<\/div>\n<\/div><\/div>\n\n\n\n<div style=\"height:60px\" aria-hidden=\"true\" class=\"wp-block-spacer\"><\/div>\n\n\n\n<p><\/p>","protected":false},"excerpt":{"rendered":"<p>Gracias \ud83d\ude0a Walking Tour D\u00fcsseldorf Hola, Estos son los lugares que recomend\u00e9 durante nuestra Tour (y tambi\u00e9n algunos que les [&hellip;]<\/p>\n","protected":false},"author":1,"featured_media":3530,"parent":0,"menu_order":0,"comment_status":"closed","ping_status":"closed","template":"","meta":{"rank_math_lock_modified_date":false,"_uag_custom_page_level_css":"","site-sidebar-layout":"default","site-content-layout":"","ast-site-content-layout":"default","site-content-style":"default","site-sidebar-style":"default","ast-global-header-display":"","ast-banner-title-visibility":"","ast-main-header-display":"","ast-hfb-above-header-display":"","ast-hfb-below-header-display":"","ast-hfb-mobile-header-display":"","site-post-title":"disabled","ast-breadcrumbs-content":"","ast-featured-img":"","footer-sml-layout":"","theme-transparent-header-meta":"","adv-header-id-meta":"","stick-header-meta":"","header-above-stick-meta":"","header-main-stick-meta":"","header-below-stick-meta":"","astra-migrate-meta-layouts":"set","ast-page-background-enabled":"default","ast-page-background-meta":{"desktop":{"background-color":"","background-image":"","background-repeat":"repeat","background-position":"center center","background-size":"auto","background-attachment":"scroll","background-type":"","background-media":"","overlay-type":"","overlay-color":"","overlay-opacity":"","overlay-gradient":""},"tablet":{"background-color":"","background-image":"","background-repeat":"repeat","background-position":"center center","background-size":"auto","background-attachment":"scroll","background-type":"","background-media":"","overlay-type":"","overlay-color":"","overlay-opacity":"","overlay-gradient":""},"mobile":{"background-color":"","background-image":"","background-repeat":"repeat","background-position":"center center","background-size":"auto","background-attachment":"scroll","background-type":"","background-media":"","overlay-type":"","overlay-color":"","overlay-opacity":"","overlay-gradient":""}},"ast-content-background-meta":{"desktop":{"background-color":"var(--ast-global-color-5)","background-image":"","background-repeat":"repeat","background-position":"center center","background-size":"auto","background-attachment":"scroll","background-type":"","background-media":"","overlay-type":"","overlay-color":"","overlay-opacity":"","overlay-gradient":""},"tablet":{"background-color":"var(--ast-global-color-5)","background-image":"","background-repeat":"repeat","background-position":"center center","background-size":"auto","background-attachment":"scroll","background-type":"","background-media":"","overlay-type":"","overlay-color":"","overlay-opacity":"","overlay-gradient":""},"mobile":{"background-color":"var(--ast-global-color-5)","background-image":"","background-repeat":"repeat","background-position":"center center","background-size":"auto","background-attachment":"scroll","background-type":"","background-media":"","overlay-type":"","overlay-color":"","overlay-opacity":"","overlay-gradient":""}},"footnotes":""},"class_list":["post-3459","page","type-page","status-publish","has-post-thumbnail","hentry"],"uagb_featured_image_src":{"full":["https:\/\/dusseldorf-tour.com\/wp-content\/uploads\/2024\/10\/IMG_0302.jpg",2048,1365,false],"thumbnail":["https:\/\/dusseldorf-tour.com\/wp-content\/uploads\/2024\/10\/IMG_0302-150x150.jpg",150,150,true],"medium":["https:\/\/dusseldorf-tour.com\/wp-content\/uploads\/2024\/10\/IMG_0302-300x200.jpg",300,200,true],"medium_large":["https:\/\/dusseldorf-tour.com\/wp-content\/uploads\/2024\/10\/IMG_0302-768x512.jpg",768,512,true],"large":["https:\/\/dusseldorf-tour.com\/wp-content\/uploads\/2024\/10\/IMG_0302-1024x683.jpg",1024,683,true],"1536x1536":["https:\/\/dusseldorf-tour.com\/wp-content\/uploads\/2024\/10\/IMG_0302-1536x1024.jpg",1536,1024,true],"2048x2048":["https:\/\/dusseldorf-tour.com\/wp-content\/uploads\/2024\/10\/IMG_0302.jpg",2048,1365,false],"trp-custom-language-flag":["https:\/\/dusseldorf-tour.com\/wp-content\/uploads\/2024\/10\/IMG_0302-18x12.jpg",18,12,true]},"uagb_author_info":{"display_name":"arios1591@gmail.com","author_link":"https:\/\/dusseldorf-tour.com\/de\/author\/arios1591gmail-com\/"},"uagb_comment_info":0,"uagb_excerpt":"Gracias \ud83d\ude0a Walking Tour D\u00fcsseldorf Hola, Estos son los lugares que recomend\u00e9 durante nuestra Tour (y tambi\u00e9n algunos que les [&hellip;]","_links":{"self":[{"href":"https:\/\/dusseldorf-tour.com\/de\/wp-json\/wp\/v2\/pages\/3459","targetHints":{"allow":["GET"]}}],"collection":[{"href":"https:\/\/dusseldorf-tour.com\/de\/wp-json\/wp\/v2\/pages"}],"about":[{"href":"https:\/\/dusseldorf-tour.com\/de\/wp-json\/wp\/v2\/types\/page"}],"author":[{"embeddable":true,"href":"https:\/\/dusseldorf-tour.com\/de\/wp-json\/wp\/v2\/users\/1"}],"replies":[{"embeddable":true,"href":"https:\/\/dusseldorf-tour.com\/de\/wp-json\/wp\/v2\/comments?post=3459"}],"version-history":[{"count":79,"href":"https:\/\/dusseldorf-tour.com\/de\/wp-json\/wp\/v2\/pages\/3459\/revisions"}],"predecessor-version":[{"id":3769,"href":"https:\/\/dusseldorf-tour.com\/de\/wp-json\/wp\/v2\/pages\/3459\/revisions\/3769"}],"wp:featuredmedia":[{"embeddable":true,"href":"https:\/\/dusseldorf-tour.com\/de\/wp-json\/wp\/v2\/media\/3530"}],"wp:attachment":[{"href":"https:\/\/dusseldorf-tour.com\/de\/wp-json\/wp\/v2\/media?parent=3459"}],"curies":[{"name":"wp","href":"https:\/\/api.w.org\/{rel}","templated":true}]}}