{"id":2474,"date":"2024-07-22T12:38:32","date_gmt":"2024-07-22T12:38:32","guid":{"rendered":"https:\/\/dusseldorf-tour.com\/?page_id=2474"},"modified":"2024-09-23T19:55:22","modified_gmt":"2024-09-23T19:55:22","slug":"agb","status":"publish","type":"page","link":"https:\/\/dusseldorf-tour.com\/en\/agb\/","title":{"rendered":"AGB"},"content":{"rendered":"\n<div style=\"height:152px\" aria-hidden=\"true\" class=\"wp-block-spacer\"><\/div>\n\n\n\n<div class=\"wp-block-uagb-container uagb-block-b51d12ba alignfull uagb-is-root-container\"><div class=\"uagb-container-inner-blocks-wrap\">\n<div class=\"wp-block-uagb-advanced-heading uagb-block-04d3de23\"><h1 class=\"uagb-heading-text\"><strong>Allgemeine Gesch\u00e4ftsbedingungen<\/strong><\/h1><\/div>\n\n\n\n<p>Die allgemeinen Gesch\u00e4ftsbedingungen regeln das Vertragsverh\u00e4ltnis zwischen dem Auftraggeber und WakingTour D\u00fcsseldorf, vertreten durch Alejandro Rios Aparicio. Mit der Buchung erkennt der Auftraggeber diese Bedingungen an.<\/p>\n\n\n\n<p><strong>1) Allgemeines<\/strong><\/p>\n\n\n\n<p>Die Angaben auf den Flyern, Plakaten etc. werden von Alejandro Rios Aparicio mit gr\u00f6\u00dfter Sorgfalt bearbeitet. Ein Anspruch auf Vollst\u00e4ndigkeit wird nicht erhoben und wir weisen darauf hin, dass wir keine Garantie f\u00fcr die Fehlerfreiheit der Angaben und Informationen \u00fcbernehmen.<\/p>\n\n\n\n<p><strong>2) Buchung<\/strong><\/p>\n\n\n\n<p>Nach schriftlicher Bestellung per E-Mail oder m\u00fcndlicher Bestellung per Telefon kommt die Buchung einer Tour\/F\u00fchrung zustande. Mit Buchung treten die AGB von WalkingTour in D\u00fcsseldorf mit sofortiger Wirkung in Kraft. Alle Preise sind in Euro und mit Ausweisung der Umsatzsteuer. Soweit nicht anders abgesprochen, wird der Betrag per Rechnungsstellung im Vorfeld der durchzuf\u00fchrenden Tour \u00fcberwiesen. Auf Anfrage kann der Betrag auch in Bar entrichtet werden. Jedoch h\u00e4lt sich Walkingtour D\u00fcsseldorf das Recht vor dies abzulehnen.<\/p>\n\n\n\n<p><strong>3) Leistungen<\/strong><\/p>\n\n\n\n<p>1) Die Leistungsbeschreibung in der Auftragsbest\u00e4tigung von Walkingtour D\u00fcsseldorf regelt den Umfang der vertraglichen Leistung, Nebenabsprachen bed\u00fcrfen der schriftlichen Form.<\/p>\n\n\n\n<p>2) Sollten Leistungs\u00e4nderungen unumg\u00e4nglich sein, setzt WalkingTour D\u00fcsseldorf den Kunden davon unverz\u00fcglich in Kenntnis.<\/p>\n\n\n\n<p>3) Im Notfall behalten wir uns das Recht vor, G\u00e4ste per Mobilrufnummer oder E-Mail \u00fcber kurzfristige \u00c4nderungen zu informieren. Sollte uns die Rufnummer nicht zur Verf\u00fcgung stehen, kann dies dazu f\u00fchren, dass G\u00e4ste nicht rechtzeitig informiert werden k\u00f6nnen.<\/p>\n\n\n\n<p><strong>4) Preise<\/strong><\/p>\n\n\n\n<p>Bei den angegebenen Preisen handelt es sich \u2013 sofern nicht anders angegeben \u2013 um Bruttopreise. Die jeweiligen Preise k\u00f6nnen den einzelnen Leistungsbeschreibungen entnommen werden. Privatkunden, deren Rechnung nicht auf eine Firma oder Institution auszustellen ist, erhalten die Leistungen von uns brutto zu den auf der Webseite angegebenen Bruttopreisen. Bei der Buchung von individuellen F\u00fchrungen sowie bei Gruppenf\u00fchrungen ist die von uns schriftlich best\u00e4tigte Preisangabe verbindlich.<\/p>\n\n\n\n<p><strong>5) Fotografien<\/strong><\/p>\n\n\n\n<p>Alle Fotografien, die w\u00e4hrend oder nach einer Tour gemacht worden sind, d\u00fcrfen von Walkingtour D\u00fcsseldorf ver\u00f6ffentlicht werden. Sollte der Auftragnehmer damit nicht einverstanden sein, so hat er dies m\u00fcndlich oder schriftlich anzuzeigen.<\/p>\n\n\n\n<p><strong>6) Stornierung durch WalkingTour D\u00fcsseldorf<\/strong><\/p>\n\n\n\n<p>1) Wird die Leistungsdurchf\u00fchrung infolge h\u00f6herer Gewalt, Krankheit oder Unwetter, die bei Vertragsabschluss nicht voraussehbar waren, erheblich erschwert oder beeintr\u00e4chtigt, beh\u00e4lt sich WalkingTour D\u00fcsseldorf die Absage der Termins vor.<\/p>\n\n\n\n<p>2) WalkingTour D\u00fcsseldorf bzw. die beauftragten Stadtf\u00fchrer sind berechtigt, eine Tour abzusagen bzw. abzubrechen, wenn einer oder mehrere Teilnehmer der Gruppe alkoholisiert oder unter Drogeneinflu\u00df sind bzw. aus anderen Gr\u00fcnden, die eine sichere Durchf\u00fchrung der Veranstaltung gef\u00e4hrden. In diesem Fall bleibt der Anspruch auf Zahlung des vereinbarten Betrages in voller H\u00f6he erhalten.<\/p>\n\n\n\n<p>3) Bei Nichterreichen der Mindestteilnehmerzahl beh\u00e4lt sich WalkingTour D\u00fcsseldorf vor, die Tour bis zu zwei Stunden vor Tourbeginn abzusagen. Die jeweilige Mindestteilnehmerzahl kann w\u00e4hrend des Buchungsvorganges eingesehen werden.<\/p>\n\n\n\n<p><strong>7) R\u00fccktritt des Auftragsgebers vom Angebot \/ Stornierung \/ Wartezeiten<\/strong><\/p>\n\n\n\n<p>1a) Buchungen bis zu einem Wert von 189,-\u20ac k\u00f6nnen bis 24 Stunden vor dem Beginn der Tour kostenfrei storniert werden. Danach wird der volle Preis erhoben.<\/p>\n\n\n\n<p>1b) Buchungen ab einem Wert von 190,-\u20ac m\u00fcssen 72 Stunden vor dem Beginn der Tour storniert werden. Ab 71 Stunden fallen 50% des Preises an. Ab 24 Stunden vor der Tour muss der volle Preis gezahlt werden.<\/p>\n\n\n\n<p>2) Der Buchungspreis wird auch dann in Rechnung gestellt, wenn der Buchende nicht oder mit mehr als 20 Minuten Versp\u00e4tung am&nbsp;Treffpunkt erscheint. Die Wartezeit des G\u00e4stebetreuers betr\u00e4gt max. 20 Minuten.<\/p>\n\n\n\n<p>3) Der vereinbarte F\u00fchrungszeitraum ist verbindlich. Eventuell anfallende Kosten (Eintrittsgelder, Tischreservierung, Bus- und Schiffsticket etc.), die uns durch die Stornierung vereinbarter Leistungen seitens Dritter entstehen, werden dem Besteller in Rechnung gestellt, wenn die Stornierung weniger als 14 Tage vor Tourdatum erfolgt.<\/p>\n\n\n\n<p><strong>8) Haftung<\/strong><\/p>\n\n\n\n<p>1) Walkingtour D\u00fcsseldorf haftet f\u00fcr Sch\u00e4den, gleich aus welchem Rechtsgrund, nur, soweit der\/die Kund:in Schadensersatzanspr\u00fcche geltend macht, die auf Vorsatz oder grober Fahrl\u00e4ssigkeit von Walkingtour D\u00fcsseldorf oder seiner Erf\u00fcllungsgehilf:innen oder Vertreter:innen beruhen. Dies gilt nicht f\u00fcr die Haftung f\u00fcr zugesicherte Eigenschaften und f\u00fcr die Verletzung wesentlicher Vertragspflichten (Kardinalpflichten). Soweit Walkingtour D\u00fcsseldorf im Falle der Verletzung von Kardinalpflichten keine vors\u00e4tzliche oder grob fahrl\u00e4ssige Vertragsverletzung angelastet wird, ist die Schadensersatzhaftung auf den vorhersehbaren, typischerweise eintretenden Schaden begrenzt; dies gilt auch, soweit der\/die Kund:in Ersatz nutzloser Aufwendungen anstelle des Schadensersatzes statt der Leistung verlangt. S\u00e4mtliche vorstehenden Haftungsbeschr\u00e4nkungen gelten nicht im Falle von Personensch\u00e4den oder im Rahmen der zwingenden Haftung nach dem Produkthaftungsgesetz. Es wird vorsorglich darauf hingewiesen, dass die Touren sowohl \u00fcber \u00f6ffentliche Stra\u00dfen und Wege als auch \u00fcber befestigte und unbefestigte Wege f\u00fchren k\u00f6nnen. Die Teilnehmer:innen m\u00fcssen selbst und in eigener Verantwortung beurteilen und entscheiden, ob sie diesen Anforderungen entsprechen. Der\/die Kund:in oder die Teilnehmer:innen einer Gruppe der Kund:innen haften f\u00fcr jeden Schaden, der durch die von ihm\/ihr mitgef\u00fchrten Sachen verursacht wird.<\/p>\n\n\n\n<p>2) Sofern WalkingTour D\u00fcsseldorf wegen fahrl\u00e4ssiger Verletzung einer vertragswesentlichen Pflicht haftet, ist die Haftung auf den vorhersehbaren vertragstypischen Schaden begrenzt, d.h. auf den Schaden, den WalkingTour D\u00fcsseldorf bei Vertragsschluss als m\u00f6gliche Folge einer Vertragsverletzung vorausgesehen hat oder mit dessen Entstehen Walkingtour D\u00fcsseldorf unter Ber\u00fccksichtigung der Umst\u00e4nde, die Walkingtour D\u00fcsseldorf bei Vertragsschluss bekannt waren bzw. die Walkingtour D\u00fcsseldorf h\u00e4tte kennen m\u00fcssen, rechnen musste.<\/p>\n\n\n\n<p>3) Die vorstehenden Haftungseinschr\u00e4nkungen gelten nicht f\u00fcr eine etwaige Haftung von Walkingtour D\u00fcsseldorf f\u00fcr garantierte Beschaffenheitsmerkmale, wegen Personensch\u00e4den oder nach dem Produkthaftungsgesetz.<\/p>\n\n\n\n<p>4) Bei Kooperationen mit weiteren Partnern (Restaurants, Limousinenservice, etc.) gelten jeweils deren Stornierungsbedingungen.<\/p>\n\n\n\n<p><strong>9) Der Gerichtsstand ist D\u00fcsseldorf<\/strong><\/p>\n<\/div><\/div>\n\n\n\n<div style=\"height:153px\" aria-hidden=\"true\" class=\"wp-block-spacer\"><\/div>\n","protected":false},"excerpt":{"rendered":"<p>Allgemeine Gesch\u00e4ftsbedingungen Die allgemeinen Gesch\u00e4ftsbedingungen regeln das Vertragsverh\u00e4ltnis zwischen dem Auftraggeber und WakingTour D\u00fcsseldorf, vertreten durch Alejandro Rios Aparicio. Mit [&hellip;]<\/p>\n","protected":false},"author":1,"featured_media":0,"parent":0,"menu_order":0,"comment_status":"closed","ping_status":"closed","template":"","meta":{"rank_math_lock_modified_date":false,"_uag_custom_page_level_css":"","site-sidebar-layout":"default","site-content-layout":"","ast-site-content-layout":"default","site-content-style":"default","site-sidebar-style":"default","ast-global-header-display":"","ast-banner-title-visibility":"","ast-main-header-display":"","ast-hfb-above-header-display":"","ast-hfb-below-header-display":"","ast-hfb-mobile-header-display":"","site-post-title":"disabled","ast-breadcrumbs-content":"","ast-featured-img":"","footer-sml-layout":"","theme-transparent-header-meta":"","adv-header-id-meta":"","stick-header-meta":"","header-above-stick-meta":"","header-main-stick-meta":"","header-below-stick-meta":"","astra-migrate-meta-layouts":"set","ast-page-background-enabled":"default","ast-page-background-meta":{"desktop":{"background-color":"","background-image":"","background-repeat":"repeat","background-position":"center center","background-size":"auto","background-attachment":"scroll","background-type":"","background-media":"","overlay-type":"","overlay-color":"","overlay-opacity":"","overlay-gradient":""},"tablet":{"background-color":"","background-image":"","background-repeat":"repeat","background-position":"center center","background-size":"auto","background-attachment":"scroll","background-type":"","background-media":"","overlay-type":"","overlay-color":"","overlay-opacity":"","overlay-gradient":""},"mobile":{"background-color":"","background-image":"","background-repeat":"repeat","background-position":"center center","background-size":"auto","background-attachment":"scroll","background-type":"","background-media":"","overlay-type":"","overlay-color":"","overlay-opacity":"","overlay-gradient":""}},"ast-content-background-meta":{"desktop":{"background-color":"var(--ast-global-color-5)","background-image":"","background-repeat":"repeat","background-position":"center center","background-size":"auto","background-attachment":"scroll","background-type":"","background-media":"","overlay-type":"","overlay-color":"","overlay-opacity":"","overlay-gradient":""},"tablet":{"background-color":"var(--ast-global-color-5)","background-image":"","background-repeat":"repeat","background-position":"center center","background-size":"auto","background-attachment":"scroll","background-type":"","background-media":"","overlay-type":"","overlay-color":"","overlay-opacity":"","overlay-gradient":""},"mobile":{"background-color":"var(--ast-global-color-5)","background-image":"","background-repeat":"repeat","background-position":"center center","background-size":"auto","background-attachment":"scroll","background-type":"","background-media":"","overlay-type":"","overlay-color":"","overlay-opacity":"","overlay-gradient":""}},"footnotes":""},"class_list":["post-2474","page","type-page","status-publish","hentry"],"uagb_featured_image_src":{"full":false,"thumbnail":false,"medium":false,"medium_large":false,"large":false,"1536x1536":false,"2048x2048":false,"trp-custom-language-flag":false},"uagb_author_info":{"display_name":"arios1591@gmail.com","author_link":"https:\/\/dusseldorf-tour.com\/en\/author\/arios1591gmail-com\/"},"uagb_comment_info":0,"uagb_excerpt":"Allgemeine Gesch\u00e4ftsbedingungen Die allgemeinen Gesch\u00e4ftsbedingungen regeln das Vertragsverh\u00e4ltnis zwischen dem Auftraggeber und WakingTour D\u00fcsseldorf, vertreten durch Alejandro Rios Aparicio. Mit [&hellip;]","_links":{"self":[{"href":"https:\/\/dusseldorf-tour.com\/en\/wp-json\/wp\/v2\/pages\/2474","targetHints":{"allow":["GET"]}}],"collection":[{"href":"https:\/\/dusseldorf-tour.com\/en\/wp-json\/wp\/v2\/pages"}],"about":[{"href":"https:\/\/dusseldorf-tour.com\/en\/wp-json\/wp\/v2\/types\/page"}],"author":[{"embeddable":true,"href":"https:\/\/dusseldorf-tour.com\/en\/wp-json\/wp\/v2\/users\/1"}],"replies":[{"embeddable":true,"href":"https:\/\/dusseldorf-tour.com\/en\/wp-json\/wp\/v2\/comments?post=2474"}],"version-history":[{"count":5,"href":"https:\/\/dusseldorf-tour.com\/en\/wp-json\/wp\/v2\/pages\/2474\/revisions"}],"predecessor-version":[{"id":3104,"href":"https:\/\/dusseldorf-tour.com\/en\/wp-json\/wp\/v2\/pages\/2474\/revisions\/3104"}],"wp:attachment":[{"href":"https:\/\/dusseldorf-tour.com\/en\/wp-json\/wp\/v2\/media?parent=2474"}],"curies":[{"name":"wp","href":"https:\/\/api.w.org\/{rel}","templated":true}]}}