{"id":2243,"date":"2024-07-20T17:08:29","date_gmt":"2024-07-20T17:08:29","guid":{"rendered":"https:\/\/dusseldorf-tour.com\/?page_id=2243"},"modified":"2025-06-16T17:54:10","modified_gmt":"2025-06-16T17:54:10","slug":"dusseldorf","status":"publish","type":"page","link":"https:\/\/dusseldorf-tour.com\/es\/dusseldorf\/","title":{"rendered":"Dusseldorf"},"content":{"rendered":"<div class=\"wp-block-uagb-container uagb-block-7154df4d alignfull uagb-is-root-container\"><div class=\"uagb-container-inner-blocks-wrap\">\n<div class=\"wp-block-uagb-advanced-heading uagb-block-c0791479\"><h1 class=\"uagb-heading-text\">Dusseldorf<\/h1><\/div>\n<\/div><\/div>\n\n\n\n<div style=\"height:100px\" aria-hidden=\"true\" class=\"wp-block-spacer\"><\/div>\n\n\n\n<div class=\"wp-block-uagb-advanced-heading uagb-block-391da151\"><h2 class=\"uagb-heading-text\"><strong>Nuestro Walking Tour en Dusseldorf<\/strong><\/h2><\/div>\n\n\n\n<div style=\"height:41px\" aria-hidden=\"true\" class=\"wp-block-spacer\"><\/div>\n\n\n\n<div class=\"wp-block-uagb-container uagb-block-7be9bd94 alignfull uagb-is-root-container\"><div class=\"uagb-container-inner-blocks-wrap\">\n<p>Embark on a fascinating Walking Tour in Dusseldorf. Every step from our Free Tour or Privat Tour will connect you with the history, vibrant culture and deep-rooted traditions of this charming city. This Walking Tour offers you a complete immersion into what makes Dusseldorf a unique destination in Germany.<\/p>\n<\/div><\/div>\n\n\n\n<div class=\"wp-block-uagb-container uagb-block-8b5f42b1 alignfull uagb-is-root-container\"><div class=\"uagb-container-inner-blocks-wrap\">\n<div class=\"wp-block-uagb-container uagb-block-c8f8d608\">\n<figure class=\"wp-block-image size-full\"><img loading=\"lazy\" decoding=\"async\" width=\"360\" height=\"250\" src=\"https:\/\/dusseldorf-tour.com\/wp-content\/uploads\/2024\/09\/11.png\" alt=\"\" class=\"wp-image-3140\" srcset=\"https:\/\/dusseldorf-tour.com\/wp-content\/uploads\/2024\/09\/11.png 360w, https:\/\/dusseldorf-tour.com\/wp-content\/uploads\/2024\/09\/11-300x208.png 300w, https:\/\/dusseldorf-tour.com\/wp-content\/uploads\/2024\/09\/11-18x12.png 18w\" sizes=\"auto, (max-width: 360px) 100vw, 360px\" \/><\/figure>\n<\/div>\n\n\n\n<div class=\"wp-block-uagb-container uagb-block-09451e55\">\n<p>Comenzamos nuestro recorrido en el emblem\u00e1tico Altstadt, el casco antiguo de Dusseldorf, famoso en todo el mundo por albergar el \u00abbar m\u00e1s largo del mundo\u00bb. Esta zona no s\u00f3lo es conocida por su alta concentraci\u00f3n de bares y cervecer\u00edas, sino tambi\u00e9n por ser la cuna de la Altbier, la cerveza tradicional de Dusseldorf. De sabor suave y ligeramente amargo, la Altbier es una cerveza oscura fermentada a alta temperatura que forma parte de la cultura local desde hace siglos. Mientras paseamos por las calles empedradas, tendr\u00e1 la oportunidad de disfrutar de esta aut\u00e9ntica cerveza en uno de los hist\u00f3ricos pubs que bordean las estrechas callejuelas.<\/p>\n<\/div>\n<\/div><\/div>\n\n\n\n<div class=\"wp-block-uagb-container uagb-block-dfd8a839 alignfull uagb-is-root-container\"><div class=\"uagb-container-inner-blocks-wrap\">\n<div class=\"wp-block-uagb-container uagb-block-6cbcdc2c\">\n<p>No muy lejos de all\u00ed, le invitamos a probar la Killepitsch, un licor oscuro de hierbas que forma parte de la identidad de Dusseldorf tanto como su famosa Altbier. Elaborado con m\u00e1s de 90 ingredientes, el Killepitsch tiene un sabor intenso y complejo y es un excelente ejemplo de las tradiciones locales que han sobrevivido hasta nuestros d\u00edas.<\/p>\n<\/div>\n\n\n\n<div class=\"wp-block-uagb-container uagb-block-dc31e64e\">\n<figure class=\"wp-block-image size-full\"><img loading=\"lazy\" decoding=\"async\" width=\"360\" height=\"250\" src=\"https:\/\/dusseldorf-tour.com\/wp-content\/uploads\/2024\/09\/4.png\" alt=\"\" class=\"wp-image-3133\" srcset=\"https:\/\/dusseldorf-tour.com\/wp-content\/uploads\/2024\/09\/4.png 360w, https:\/\/dusseldorf-tour.com\/wp-content\/uploads\/2024\/09\/4-300x208.png 300w, https:\/\/dusseldorf-tour.com\/wp-content\/uploads\/2024\/09\/4-18x12.png 18w\" sizes=\"auto, (max-width: 360px) 100vw, 360px\" \/><\/figure>\n<\/div>\n<\/div><\/div>\n\n\n\n<div class=\"wp-block-uagb-container uagb-block-816d4cda alignfull uagb-is-root-container\"><div class=\"uagb-container-inner-blocks-wrap\">\n<div class=\"wp-block-uagb-container uagb-block-c1a2dbed\">\n<figure class=\"wp-block-image size-full\"><img loading=\"lazy\" decoding=\"async\" width=\"360\" height=\"250\" src=\"https:\/\/dusseldorf-tour.com\/wp-content\/uploads\/2024\/09\/6.png\" alt=\"\" class=\"wp-image-3135\" srcset=\"https:\/\/dusseldorf-tour.com\/wp-content\/uploads\/2024\/09\/6.png 360w, https:\/\/dusseldorf-tour.com\/wp-content\/uploads\/2024\/09\/6-300x208.png 300w, https:\/\/dusseldorf-tour.com\/wp-content\/uploads\/2024\/09\/6-18x12.png 18w\" sizes=\"auto, (max-width: 360px) 100vw, 360px\" \/><\/figure>\n<\/div>\n\n\n\n<div class=\"wp-block-uagb-container uagb-block-a78d82c2\">\n<p>Continuando nuestro paseo por el casco antiguo, nos encontraremos con la iglesia de San Lamberto, famosa por su caracter\u00edstica torre inclinada, y el Stadterhebungs monument, un monumento que conmemora la batalla de Worringen en 1288, un acontecimiento clave que marc\u00f3 el nacimiento de Dusseldorf como ciudad. Este monumento es una expresi\u00f3n art\u00edstica de la valent\u00eda y la historia de la ciudad, y un lugar ideal para reflexionar sobre el pasado heroico de Dusseldorf.<\/p>\n<\/div>\n<\/div><\/div>\n\n\n\n<div class=\"wp-block-uagb-container uagb-block-47ffe5f7 alignfull uagb-is-root-container\"><div class=\"uagb-container-inner-blocks-wrap\">\n<div class=\"wp-block-uagb-container uagb-block-23cafe14\">\n<p>En el Walking Tour tambi\u00e9n visitaremos la estatua ecuestre de Jan Wellem, un gobernante que desempe\u00f1\u00f3 un papel decisivo en la transformaci\u00f3n de Dusseldorf en un centro cultural europeo en el siglo XVII. Muy cerca se encuentra la casa natal de Heinrich Heine, el c\u00e9lebre poeta y escritor cuya obra sigue resonando en la literatura alemana y mundial. La vida y la obra de Heinrich Heine est\u00e1n profundamente entrelazadas con la historia de Dusseldorf. En nuestro Walking Tour veremos m\u00e1s sobre su legado mientras contempla los lugares que inspiraron su creatividad.\u2028<\/p>\n<\/div>\n\n\n\n<div class=\"wp-block-uagb-container uagb-block-907b3193\">\n<figure class=\"wp-block-image size-full\"><img loading=\"lazy\" decoding=\"async\" width=\"360\" height=\"250\" src=\"https:\/\/dusseldorf-tour.com\/wp-content\/uploads\/2024\/09\/3.png\" alt=\"\" class=\"wp-image-3132\" srcset=\"https:\/\/dusseldorf-tour.com\/wp-content\/uploads\/2024\/09\/3.png 360w, https:\/\/dusseldorf-tour.com\/wp-content\/uploads\/2024\/09\/3-300x208.png 300w, https:\/\/dusseldorf-tour.com\/wp-content\/uploads\/2024\/09\/3-18x12.png 18w\" sizes=\"auto, (max-width: 360px) 100vw, 360px\" \/><\/figure>\n<\/div>\n<\/div><\/div>\n\n\n\n<div class=\"wp-block-uagb-container uagb-block-3781d877 alignfull uagb-is-root-container\"><div class=\"uagb-container-inner-blocks-wrap\">\n<div class=\"wp-block-uagb-container uagb-block-ff387257\">\n<figure class=\"wp-block-image size-full\"><img loading=\"lazy\" decoding=\"async\" width=\"360\" height=\"250\" src=\"https:\/\/dusseldorf-tour.com\/wp-content\/uploads\/2024\/09\/9.png\" alt=\"\" class=\"wp-image-3138\" srcset=\"https:\/\/dusseldorf-tour.com\/wp-content\/uploads\/2024\/09\/9.png 360w, https:\/\/dusseldorf-tour.com\/wp-content\/uploads\/2024\/09\/9-300x208.png 300w, https:\/\/dusseldorf-tour.com\/wp-content\/uploads\/2024\/09\/9-18x12.png 18w\" sizes=\"auto, (max-width: 360px) 100vw, 360px\" \/><\/figure>\n<\/div>\n\n\n\n<div class=\"wp-block-uagb-container uagb-block-5b782ee9\">\n<p>As we approach Rheinuferpromenade, you&#8217;ll enjoy a leisurely stroll along the banks of the Rhine, with panoramic views of the Media Harbour in the distance, a symbol of Dusseldorf&#8217;s modern renaissance. <\/p>\n<\/div>\n<\/div><\/div>\n\n\n\n<div class=\"wp-block-uagb-container uagb-block-88ae14b5 alignfull uagb-is-root-container\"><div class=\"uagb-container-inner-blocks-wrap\">\n<div class=\"wp-block-uagb-container uagb-block-7edf80c5\">\n<p>Durante el Walking Tour en Dusseldorf conocer\u00e1s la famosa K\u00f6nigsallee (\u00abK\u00f6\u00bb), la calle comercial m\u00e1s lujosa de esta parte de Alemania. En la K\u00f6 descubriremos la importancia de Dusseldorf como epicentro de la moda y el lujo, un lugar donde las boutiques de alta costura y las tiendas exclusivas marcan el ritmo de la sofisticaci\u00f3n urbana de la ciudad.\u2028<\/p>\n<\/div>\n\n\n\n<div class=\"wp-block-uagb-container uagb-block-a0090d60\">\n<figure class=\"wp-block-image size-full\"><img loading=\"lazy\" decoding=\"async\" width=\"360\" height=\"250\" src=\"https:\/\/dusseldorf-tour.com\/wp-content\/uploads\/2024\/09\/1-1.png\" alt=\"\" class=\"wp-image-3130\" srcset=\"https:\/\/dusseldorf-tour.com\/wp-content\/uploads\/2024\/09\/1-1.png 360w, https:\/\/dusseldorf-tour.com\/wp-content\/uploads\/2024\/09\/1-1-300x208.png 300w, https:\/\/dusseldorf-tour.com\/wp-content\/uploads\/2024\/09\/1-1-18x12.png 18w\" sizes=\"auto, (max-width: 360px) 100vw, 360px\" \/><\/figure>\n<\/div>\n<\/div><\/div>\n\n\n\n<div class=\"wp-block-uagb-container uagb-block-010d18d5 alignfull uagb-is-root-container\"><div class=\"uagb-container-inner-blocks-wrap\">\n<div class=\"wp-block-uagb-container uagb-block-f17496ae\">\n<figure class=\"wp-block-image size-full\"><img loading=\"lazy\" decoding=\"async\" width=\"360\" height=\"250\" src=\"https:\/\/dusseldorf-tour.com\/wp-content\/uploads\/2024\/09\/5.png\" alt=\"\" class=\"wp-image-3134\" srcset=\"https:\/\/dusseldorf-tour.com\/wp-content\/uploads\/2024\/09\/5.png 360w, https:\/\/dusseldorf-tour.com\/wp-content\/uploads\/2024\/09\/5-300x208.png 300w, https:\/\/dusseldorf-tour.com\/wp-content\/uploads\/2024\/09\/5-18x12.png 18w\" sizes=\"auto, (max-width: 360px) 100vw, 360px\" \/><\/figure>\n<\/div>\n\n\n\n<div class=\"wp-block-uagb-container uagb-block-c070c3e3\">\n<p>Por \u00faltimo, hablaremos de la parte oscura de la historia, de Peter K\u00fcrten, conocido como el \u00abVampiro de Dusseldorf\u00bb. Acerca de este hombre se han escrito muchas historias. En nuestro Walking Tour desarrollaremos los aspectos m\u00e1s importantes y que rastros a\u00fan se pueden encontrar dentro de la ciudad.<\/p>\n<\/div>\n<\/div><\/div>\n\n\n\n<div class=\"wp-block-uagb-container uagb-block-b5d7b194 alignfull uagb-is-root-container\"><div class=\"uagb-container-inner-blocks-wrap\">\n<div class=\"wp-block-uagb-container uagb-block-812c7395\">\n<p>Nuestro Free Walking Tour y Tour Privado culmina cerca del Rin, lugar ideal para disfrutar de una Altbier en una de las muchas cervecer\u00edas al aire libre que rodean el casco antiguo. Es el momento perfecto para relajarse y reflexionar sobre las historias que hemos descubierto en este muy bonito recorrido por D\u00fcsseldorf.<\/p>\n<\/div>\n\n\n\n<div class=\"wp-block-uagb-container uagb-block-f2002ddc\">\n<figure class=\"wp-block-image size-large\"><img loading=\"lazy\" decoding=\"async\" width=\"1024\" height=\"683\" src=\"https:\/\/dusseldorf-tour.com\/wp-content\/uploads\/2024\/09\/IMG_0520-2-1024x683.jpg\" alt=\"\" class=\"wp-image-2840\" srcset=\"https:\/\/dusseldorf-tour.com\/wp-content\/uploads\/2024\/09\/IMG_0520-2-1024x683.jpg 1024w, https:\/\/dusseldorf-tour.com\/wp-content\/uploads\/2024\/09\/IMG_0520-2-300x200.jpg 300w, https:\/\/dusseldorf-tour.com\/wp-content\/uploads\/2024\/09\/IMG_0520-2-768x512.jpg 768w, https:\/\/dusseldorf-tour.com\/wp-content\/uploads\/2024\/09\/IMG_0520-2-1536x1024.jpg 1536w, https:\/\/dusseldorf-tour.com\/wp-content\/uploads\/2024\/09\/IMG_0520-2-2048x1365.jpg 2048w\" sizes=\"auto, (max-width: 1024px) 100vw, 1024px\" \/><\/figure>\n<\/div>\n<\/div><\/div>\n\n\n\n<div style=\"height:75px\" aria-hidden=\"true\" class=\"wp-block-spacer\"><\/div>\n\n\n\n<div class=\"wp-block-buttons alignwide is-content-justification-center is-layout-flex wp-container-core-buttons-is-layout-a89b3969 wp-block-buttons-is-layout-flex\">\n<div class=\"wp-block-button\"><a class=\"wp-block-button__link has-text-align-center wp-element-button\" href=\"https:\/\/dusseldorf-tour.com\/es\/reserva\/\">Reservar<\/a><\/div>\n<\/div>\n\n\n\n<div style=\"height:50px\" aria-hidden=\"true\" class=\"wp-block-spacer\"><\/div>\n\n\n\n<div class=\"wp-block-uagb-container uagb-layout-flex uagb-block-0ba8f158 alignfull uagb-is-root-container\"><div class=\"uagb-container-inner-blocks-wrap\">\n<div class=\"wp-block-uagb-container uagb-block-ba68a584\">\n<figure class=\"wp-block-image size-full is-resized\"><a href=\"https:\/\/www.facebook.com\/people\/Walking-Tour-D%C3%BCsseldorf\/61567300466492\/\" target=\"_blank\" rel=\"noreferrer noopener\"><img loading=\"lazy\" decoding=\"async\" width=\"500\" height=\"500\" src=\"https:\/\/dusseldorf-tour.com\/wp-content\/uploads\/2024\/09\/3-4.png\" alt=\"\" class=\"wp-image-3393\" style=\"width:26px;height:auto\" srcset=\"https:\/\/dusseldorf-tour.com\/wp-content\/uploads\/2024\/09\/3-4.png 500w, https:\/\/dusseldorf-tour.com\/wp-content\/uploads\/2024\/09\/3-4-300x300.png 300w, https:\/\/dusseldorf-tour.com\/wp-content\/uploads\/2024\/09\/3-4-150x150.png 150w, https:\/\/dusseldorf-tour.com\/wp-content\/uploads\/2024\/09\/3-4-12x12.png 12w\" sizes=\"auto, (max-width: 500px) 100vw, 500px\" \/><\/a><\/figure>\n<\/div>\n\n\n\n<div class=\"wp-block-uagb-container uagb-block-174852f5\">\n<figure class=\"wp-block-image size-full is-resized\"><a href=\"https:\/\/www.instagram.com\/walkingtourduss\/\" target=\"_blank\" rel=\"noreferrer noopener\"><img loading=\"lazy\" decoding=\"async\" width=\"500\" height=\"500\" src=\"https:\/\/dusseldorf-tour.com\/wp-content\/uploads\/2024\/09\/4-5.png\" alt=\"\" class=\"wp-image-3399\" style=\"width:26px\" srcset=\"https:\/\/dusseldorf-tour.com\/wp-content\/uploads\/2024\/09\/4-5.png 500w, https:\/\/dusseldorf-tour.com\/wp-content\/uploads\/2024\/09\/4-5-300x300.png 300w, https:\/\/dusseldorf-tour.com\/wp-content\/uploads\/2024\/09\/4-5-150x150.png 150w, https:\/\/dusseldorf-tour.com\/wp-content\/uploads\/2024\/09\/4-5-12x12.png 12w\" sizes=\"auto, (max-width: 500px) 100vw, 500px\" \/><\/a><\/figure>\n<\/div>\n\n\n\n<div class=\"wp-block-uagb-container uagb-block-f9946bac\">\n<figure class=\"wp-block-image size-full is-resized is-style-default\"><a href=\"https:\/\/wa.me\/4915566131208\" target=\"_blank\" rel=\"noreferrer noopener\"><img loading=\"lazy\" decoding=\"async\" width=\"500\" height=\"500\" src=\"https:\/\/dusseldorf-tour.com\/wp-content\/uploads\/2024\/09\/6-2.png\" alt=\"\" class=\"wp-image-3401\" style=\"width:26px\" srcset=\"https:\/\/dusseldorf-tour.com\/wp-content\/uploads\/2024\/09\/6-2.png 500w, https:\/\/dusseldorf-tour.com\/wp-content\/uploads\/2024\/09\/6-2-300x300.png 300w, https:\/\/dusseldorf-tour.com\/wp-content\/uploads\/2024\/09\/6-2-150x150.png 150w, https:\/\/dusseldorf-tour.com\/wp-content\/uploads\/2024\/09\/6-2-12x12.png 12w\" sizes=\"auto, (max-width: 500px) 100vw, 500px\" \/><\/a><\/figure>\n<\/div>\n\n\n\n<div class=\"wp-block-uagb-container uagb-block-a2defd7f\">\n<figure class=\"wp-block-image size-full is-resized\"><a href=\"https:\/\/www.guruwalk.com\/es\/walks\/57431-free-walking-tour-en-dusseldorf-el-tour-mas-completo-y-bonito-de-la-ciudad\" target=\"_blank\" rel=\"noreferrer noopener\"><img loading=\"lazy\" decoding=\"async\" width=\"500\" height=\"500\" src=\"https:\/\/dusseldorf-tour.com\/wp-content\/uploads\/2024\/09\/2-5.png\" alt=\"\" class=\"wp-image-3397\" style=\"width:26px\" srcset=\"https:\/\/dusseldorf-tour.com\/wp-content\/uploads\/2024\/09\/2-5.png 500w, https:\/\/dusseldorf-tour.com\/wp-content\/uploads\/2024\/09\/2-5-300x300.png 300w, https:\/\/dusseldorf-tour.com\/wp-content\/uploads\/2024\/09\/2-5-150x150.png 150w, https:\/\/dusseldorf-tour.com\/wp-content\/uploads\/2024\/09\/2-5-12x12.png 12w\" sizes=\"auto, (max-width: 500px) 100vw, 500px\" \/><\/a><\/figure>\n<\/div>\n\n\n\n<div class=\"wp-block-uagb-container uagb-block-d4e2485e\">\n<figure class=\"wp-block-image size-full is-resized\"><a href=\"https:\/\/g.page\/r\/CaUF7_PIY9Y6EBM\/review\" target=\"_blank\" rel=\"noreferrer noopener\"><img loading=\"lazy\" decoding=\"async\" width=\"500\" height=\"500\" src=\"https:\/\/dusseldorf-tour.com\/wp-content\/uploads\/2024\/09\/1-5.png\" alt=\"\" class=\"wp-image-3396\" style=\"width:26px\" srcset=\"https:\/\/dusseldorf-tour.com\/wp-content\/uploads\/2024\/09\/1-5.png 500w, https:\/\/dusseldorf-tour.com\/wp-content\/uploads\/2024\/09\/1-5-300x300.png 300w, https:\/\/dusseldorf-tour.com\/wp-content\/uploads\/2024\/09\/1-5-150x150.png 150w, https:\/\/dusseldorf-tour.com\/wp-content\/uploads\/2024\/09\/1-5-12x12.png 12w\" sizes=\"auto, (max-width: 500px) 100vw, 500px\" \/><\/a><\/figure>\n<\/div>\n\n\n\n<div class=\"wp-block-uagb-container uagb-block-993a2c87\">\n<figure class=\"wp-block-image size-full is-resized\"><a href=\"https:\/\/www.tripadvisor.com\/Attraction_Review-g187373-d28158289-Reviews-Walking_Tour_Dusseldorf-Dusseldorf_North_Rhine_Westphalia.html\" target=\"_blank\" rel=\"noreferrer noopener\"><img loading=\"lazy\" decoding=\"async\" width=\"500\" height=\"500\" src=\"https:\/\/dusseldorf-tour.com\/wp-content\/uploads\/2024\/09\/5-1.png\" alt=\"\" class=\"wp-image-3400\" style=\"width:26px\" srcset=\"https:\/\/dusseldorf-tour.com\/wp-content\/uploads\/2024\/09\/5-1.png 500w, https:\/\/dusseldorf-tour.com\/wp-content\/uploads\/2024\/09\/5-1-300x300.png 300w, https:\/\/dusseldorf-tour.com\/wp-content\/uploads\/2024\/09\/5-1-150x150.png 150w, https:\/\/dusseldorf-tour.com\/wp-content\/uploads\/2024\/09\/5-1-12x12.png 12w\" sizes=\"auto, (max-width: 500px) 100vw, 500px\" \/><\/a><\/figure>\n<\/div>\n<\/div><\/div>\n\n\n\n<div style=\"height:75px\" aria-hidden=\"true\" class=\"wp-block-spacer\"><\/div>","protected":false},"excerpt":{"rendered":"<p>Dusseldorf Our Walking Tour in Dusseldorf Embark on a fascinating Walking Tour in Dusseldorf. Every step from our Free Tour [&hellip;]<\/p>\n","protected":false},"author":1,"featured_media":0,"parent":0,"menu_order":0,"comment_status":"closed","ping_status":"closed","template":"","meta":{"rank_math_lock_modified_date":false,"_uag_custom_page_level_css":"","site-sidebar-layout":"default","site-content-layout":"","ast-site-content-layout":"default","site-content-style":"default","site-sidebar-style":"default","ast-global-header-display":"","ast-banner-title-visibility":"","ast-main-header-display":"","ast-hfb-above-header-display":"","ast-hfb-below-header-display":"","ast-hfb-mobile-header-display":"","site-post-title":"disabled","ast-breadcrumbs-content":"","ast-featured-img":"disabled","footer-sml-layout":"","theme-transparent-header-meta":"","adv-header-id-meta":"","stick-header-meta":"","header-above-stick-meta":"","header-main-stick-meta":"","header-below-stick-meta":"","astra-migrate-meta-layouts":"set","ast-page-background-enabled":"default","ast-page-background-meta":{"desktop":{"background-color":"","background-image":"","background-repeat":"repeat","background-position":"center center","background-size":"auto","background-attachment":"scroll","background-type":"","background-media":"","overlay-type":"","overlay-color":"","overlay-opacity":"","overlay-gradient":""},"tablet":{"background-color":"","background-image":"","background-repeat":"repeat","background-position":"center center","background-size":"auto","background-attachment":"scroll","background-type":"","background-media":"","overlay-type":"","overlay-color":"","overlay-opacity":"","overlay-gradient":""},"mobile":{"background-color":"","background-image":"","background-repeat":"repeat","background-position":"center center","background-size":"auto","background-attachment":"scroll","background-type":"","background-media":"","overlay-type":"","overlay-color":"","overlay-opacity":"","overlay-gradient":""}},"ast-content-background-meta":{"desktop":{"background-color":"var(--ast-global-color-5)","background-image":"","background-repeat":"repeat","background-position":"center center","background-size":"auto","background-attachment":"scroll","background-type":"","background-media":"","overlay-type":"","overlay-color":"","overlay-opacity":"","overlay-gradient":""},"tablet":{"background-color":"var(--ast-global-color-5)","background-image":"","background-repeat":"repeat","background-position":"center center","background-size":"auto","background-attachment":"scroll","background-type":"","background-media":"","overlay-type":"","overlay-color":"","overlay-opacity":"","overlay-gradient":""},"mobile":{"background-color":"var(--ast-global-color-5)","background-image":"","background-repeat":"repeat","background-position":"center center","background-size":"auto","background-attachment":"scroll","background-type":"","background-media":"","overlay-type":"","overlay-color":"","overlay-opacity":"","overlay-gradient":""}},"footnotes":""},"class_list":["post-2243","page","type-page","status-publish","hentry"],"uagb_featured_image_src":{"full":false,"thumbnail":false,"medium":false,"medium_large":false,"large":false,"1536x1536":false,"2048x2048":false,"trp-custom-language-flag":false},"uagb_author_info":{"display_name":"arios1591@gmail.com","author_link":"https:\/\/dusseldorf-tour.com\/es\/author\/arios1591gmail-com\/"},"uagb_comment_info":0,"uagb_excerpt":"Dusseldorf Our Walking Tour in Dusseldorf Embark on a fascinating Walking Tour in Dusseldorf. Every step from our Free Tour [&hellip;]","_links":{"self":[{"href":"https:\/\/dusseldorf-tour.com\/es\/wp-json\/wp\/v2\/pages\/2243","targetHints":{"allow":["GET"]}}],"collection":[{"href":"https:\/\/dusseldorf-tour.com\/es\/wp-json\/wp\/v2\/pages"}],"about":[{"href":"https:\/\/dusseldorf-tour.com\/es\/wp-json\/wp\/v2\/types\/page"}],"author":[{"embeddable":true,"href":"https:\/\/dusseldorf-tour.com\/es\/wp-json\/wp\/v2\/users\/1"}],"replies":[{"embeddable":true,"href":"https:\/\/dusseldorf-tour.com\/es\/wp-json\/wp\/v2\/comments?post=2243"}],"version-history":[{"count":36,"href":"https:\/\/dusseldorf-tour.com\/es\/wp-json\/wp\/v2\/pages\/2243\/revisions"}],"predecessor-version":[{"id":4054,"href":"https:\/\/dusseldorf-tour.com\/es\/wp-json\/wp\/v2\/pages\/2243\/revisions\/4054"}],"wp:attachment":[{"href":"https:\/\/dusseldorf-tour.com\/es\/wp-json\/wp\/v2\/media?parent=2243"}],"curies":[{"name":"wp","href":"https:\/\/api.w.org\/{rel}","templated":true}]}}