{"id":2474,"date":"2024-07-22T12:38:32","date_gmt":"2024-07-22T12:38:32","guid":{"rendered":"https:\/\/dusseldorf-tour.com\/?page_id=2474"},"modified":"2024-09-23T19:55:22","modified_gmt":"2024-09-23T19:55:22","slug":"agb","status":"publish","type":"page","link":"https:\/\/dusseldorf-tour.com\/es\/agb\/","title":{"rendered":"AGB"},"content":{"rendered":"<div style=\"height:152px\" aria-hidden=\"true\" class=\"wp-block-spacer\"><\/div>\n\n\n\n<div class=\"wp-block-uagb-container uagb-block-b51d12ba alignfull uagb-is-root-container\"><div class=\"uagb-container-inner-blocks-wrap\">\n<div class=\"wp-block-uagb-advanced-heading uagb-block-04d3de23\"><h1 class=\"uagb-heading-text\"><strong>Allgemeine Gesch\u00e4ftsbedingungen<\/strong><\/h1><\/div>\n\n\n\n<p>Die allgemeinen Gesch\u00e4ftsbedingungen regeln das Vertragsverh\u00e4ltnis zwischen dem Auftraggeber und WakingTour D\u00fcsseldorf, vertreten durch Alejandro Rios Aparicio. Con la publicaci\u00f3n, el contratante acepta estas condiciones.<\/p>\n\n\n\n<p><strong>1) Allgemeines<\/strong><\/p>\n\n\n\n<p>Alejandro Rios Aparicio se ha encargado de realizar las anotaciones en los folletos, las placas, etc. con la m\u00e1xima precisi\u00f3n. No se garantiza la integridad de los datos, por lo que no garantizamos la exactitud de los mismos.<\/p>\n\n\n\n<p><strong>2) Buchung<\/strong><\/p>\n\n\n\n<p>Una vez realizada la reserva por correo electr\u00f3nico o por tel\u00e9fono, se proceder\u00e1 a la contrataci\u00f3n de la excursi\u00f3n. Con la reserva, los AGB de WalkingTour en D\u00fcsseldorf se comprometen a cumplir con los plazos establecidos. Todos los precios son en euros y con descuento. Si no se ha abonado ninguna otra cantidad, el precio se calcular\u00e1 por tarjeta de cr\u00e9dito en el recinto de la excursi\u00f3n realizada. Auf Anfrage kann der Betrag auch in Bar entrichtet werden. Jedoch h\u00e4lt sich Walkingtour D\u00fcsseldorf das Recht vor dies abzulehnen.<\/p>\n\n\n\n<p><strong>3) Leistungen<\/strong><\/p>\n\n\n\n<p>1) Die Leistungsbeschreibung in der Auftragsbest\u00e4tigung von Walkingtour D\u00fcsseldorf regelt den Umfang der vertraglichen Leistung, Nebenabsprachen bed\u00fcrfen der schriftlichen Form.<\/p>\n\n\n\n<p>2) Sollten Leistungs\u00e4nderungen unumg\u00e4nglich sein, setzt WalkingTour D\u00fcsseldorf den Kunden davon unverz\u00fcglich in Kenntnis.<\/p>\n\n\n\n<p>3) En caso contrario, nos reservamos el derecho de informar a los usuarios por tel\u00e9fono m\u00f3vil o correo electr\u00f3nico sobre cualquier modificaci\u00f3n puntual. Si no se nos facilita el n\u00famero de tel\u00e9fono, no podremos informar a los usuarios de forma oportuna.<\/p>\n\n\n\n<p><strong>4) Preise<\/strong><\/p>\n\n\n\n<p>Bei den angegebenen Preisen handelt es sich - sofern nicht anders angegeben - um Bruttopreise. Los precios indicados pueden estar relacionados con las tarifas individuales. Los clientes particulares que no adquieran sus servicios a trav\u00e9s de una empresa o instituci\u00f3n recibir\u00e1n nuestros precios de venta brutos en nuestra p\u00e1gina web. En el caso de la contrataci\u00f3n de servicios individuales o de grupos, se aplicar\u00e1 el precio acordado con nosotros.<\/p>\n\n\n\n<p><strong>5) Fotografien<\/strong><\/p>\n\n\n\n<p>Walkingtour D\u00fcsseldorf publicar\u00e1 todas las fotograf\u00edas tomadas durante o despu\u00e9s de una excursi\u00f3n. Sollte der Auftragnehmer damit nicht einverstanden sein, so hat er dies m\u00fcndlich oder schriftlich anzuzeigen.<\/p>\n\n\n\n<p><strong>6) Stornierung durch WalkingTour D\u00fcsseldorf<\/strong><\/p>\n\n\n\n<p>1) Wird die Leistungsdurchf\u00fchrung infolge h\u00f6herer Gewalt, Krankheit oder Unwetter, die bei Vertragsabschluss nicht voraussehbar waren, erheblich erschwert oder beeintr\u00e4chtigt, beh\u00e4lt sich WalkingTour D\u00fcsseldorf die Absage der Termins vor.<\/p>\n\n\n\n<p>2) WalkingTour D\u00fcsseldorf y los organizadores de la ciudad est\u00e1n obligados a suspender o rechazar una excursi\u00f3n si uno o varios miembros del grupo son al\u00e9rgicos o se encuentran en peligro, as\u00ed como en caso de que otras personas se vean obligadas a realizar la excursi\u00f3n de forma segura. In diesem Fall bleibt der Anspruch auf Zahlung des vereinbarten Betrages in voller H\u00f6he erhalten.<\/p>\n\n\n\n<p>3) En caso de que no se especifique la cantidad m\u00ednima de equipaje, WalkingTour D\u00fcsseldorf podr\u00e1 realizar el recorrido hasta dos horas antes del inicio del mismo. El n\u00famero m\u00ednimo de personas puede consultarse durante el proceso de compra.<\/p>\n\n\n\n<p><strong>7) R\u00fccktritt des Auftragsgebers vom Angebot \/ Stornierung \/ Wartezeiten<\/strong><\/p>\n\n\n\n<p>1a) Las reservas hasta un valor de 189,-\u20ac pueden ser guardadas gratuitamente hasta 24 horas antes del inicio del viaje. Danach wird der volle Preis erhoben.<\/p>\n\n\n\n<p>1b) Buchungen ab einem Wert von 190,-\u20ac m\u00fcssen 72 Stunden vor dem Beginn der Tour storniert werden. Ab 71 Stunden fallen 50% des Preises an. A las 24 horas del inicio de la gira deber\u00e1 abonarse el precio total.<\/p>\n\n\n\n<p>2) Der Buchungspreis wird auch dann in Rechnung gestellt, wenn der Buchende nicht oder mit mehr als 20 Minuten Versp\u00e4tung am Treffpunkt erscheint. Die Wartezeit des G\u00e4stebetreuers betr\u00e4gt max. 20 Minuten.<\/p>\n\n\n\n<p>3) Der vereinbarte F\u00fchrungszeitraum ist verbindlich. Eventual anfallende Kosten (Eintrittsgelder, Tischreservierung, Bus- und Schiffsticket etc.), die uns durch die Stornierung vereinbarter Leistungen seitens Dritter entstehen, werden dem Besteller in Rechnung gestellt, wenn die Stornierung weniger als 14 Tage vor Tourdatum erfolgt.<\/p>\n\n\n\n<p><strong>8) Haftung<\/strong><\/p>\n\n\n\n<p>1) Walkingtour D\u00fcsseldorf haftet f\u00fcr Sch\u00e4den, gleich aus welchem Rechtsgrund, nur, soweit der\/die Kund:in Schadensersatzanspr\u00fcche geltend macht, die auf Vorsatz oder grober Fahrl\u00e4ssigkeit von Walkingtour D\u00fcsseldorf oder seiner Erf\u00fcllungsgehilf:innen oder Vertreter:innen beruhen. Dies gilt nicht f\u00fcr die Haftung f\u00fcr zugesicherte Eigenschaften und f\u00fcr die Verletzung wesentlicher Vertragspflichten (Kardinalpflichten). En caso de que Walkingtour D\u00fcsseldorf no tenga previsto ning\u00fan tipo de reembolso o reembolso excesivo, se aplicar\u00e1 el reembolso de la franquicia a la franquicia anterior, que por lo general es id\u00e9ntica a la franquicia anterior; esto tambi\u00e9n se aplicar\u00e1 si el\/la cliente: en lugar de la franquicia se reembolsan otras prestaciones en lugar de la franquicia. S\u00e4mtliche vorstehenden Haftungsbeschr\u00e4nkungen gelten nicht im Falle von Personensch\u00e4den oder im Rahmen der zwingenden Haftung nach dem Produkthaftungsgesetz. Es wird vorsorglich darauf hingewiesen, dass die Touren sowohl \u00fcber \u00f6ffentliche Stra\u00dfen und Wege als auch \u00fcber befestigte und unbefestigte Wege f\u00fchren k\u00f6nnen. Die Teilnehmer:innen m\u00fcssen selbst und in eigener Verantwortung beurteilen und entscheiden, ob sie diesen Anforderungen entsprechen. Der\/die Kund:in oder die Teilnehmer:innen einer Gruppe der Kund:innen haben f\u00fcr jeden Schaden, der durch die von ihm\/ihr mitgef\u00fchrten Sachen verursacht wird.<\/p>\n\n\n\n<p>2) Sofern WalkingTour D\u00fcsseldorf wegen fahrl\u00e4ssiger Verletzung einer vertragswesentlichen Pflicht haftet, ist die Haftung auf den vorhersehbaren vertragstypischen Schaden begrenzt, d.h. auf den Schaden, den WalkingTour D\u00fcsseldorf bei Vertragsschluss als m\u00f6gliche Folge einer Vertragsverletzung vorausgesehen hat oder mit dessen Entstehen Walkingtour D\u00fcsseldorf unter Ber\u00fccksichtigung der Umst\u00e4nde, die Walkingtour D\u00fcsseldorf bei Vertragsschluss bekannt waren bzw. die Walkingtour D\u00fcsseldorf h\u00e4tte kennen m\u00fcssen, rechnen musste.<\/p>\n\n\n\n<p>3) Die vorstehenden Haftungseinschr\u00e4nkungen gelten nicht f\u00fcr eine etwaige Haftung von Walkingtour D\u00fcsseldorf f\u00fcr garantierte Beschaffenheitsmerkmale, wegen Personensch\u00e4den oder nach dem Produkthaftungsgesetz.<\/p>\n\n\n\n<p>4) Bei Kooperationen mit weiteren Partnern (Restaurants, Limousinenservice, etc.) gelten jeweils deren Stornierungsbedingungen.<\/p>\n\n\n\n<p><strong>9) Der Gerichtsstand ist D\u00fcsseldorf<\/strong><\/p>\n<\/div><\/div>\n\n\n\n<div style=\"height:153px\" aria-hidden=\"true\" class=\"wp-block-spacer\"><\/div>","protected":false},"excerpt":{"rendered":"<p>Allgemeine Gesch\u00e4ftsbedingungen Die allgemeinen Gesch\u00e4ftsbedingungen regeln das Vertragsverh\u00e4ltnis zwischen dem Auftraggeber und WakingTour D\u00fcsseldorf, vertreten durch Alejandro Rios Aparicio. Mit [&hellip;]<\/p>\n","protected":false},"author":1,"featured_media":0,"parent":0,"menu_order":0,"comment_status":"closed","ping_status":"closed","template":"","meta":{"rank_math_lock_modified_date":false,"_uag_custom_page_level_css":"","site-sidebar-layout":"default","site-content-layout":"","ast-site-content-layout":"default","site-content-style":"default","site-sidebar-style":"default","ast-global-header-display":"","ast-banner-title-visibility":"","ast-main-header-display":"","ast-hfb-above-header-display":"","ast-hfb-below-header-display":"","ast-hfb-mobile-header-display":"","site-post-title":"disabled","ast-breadcrumbs-content":"","ast-featured-img":"","footer-sml-layout":"","theme-transparent-header-meta":"","adv-header-id-meta":"","stick-header-meta":"","header-above-stick-meta":"","header-main-stick-meta":"","header-below-stick-meta":"","astra-migrate-meta-layouts":"set","ast-page-background-enabled":"default","ast-page-background-meta":{"desktop":{"background-color":"","background-image":"","background-repeat":"repeat","background-position":"center center","background-size":"auto","background-attachment":"scroll","background-type":"","background-media":"","overlay-type":"","overlay-color":"","overlay-opacity":"","overlay-gradient":""},"tablet":{"background-color":"","background-image":"","background-repeat":"repeat","background-position":"center center","background-size":"auto","background-attachment":"scroll","background-type":"","background-media":"","overlay-type":"","overlay-color":"","overlay-opacity":"","overlay-gradient":""},"mobile":{"background-color":"","background-image":"","background-repeat":"repeat","background-position":"center center","background-size":"auto","background-attachment":"scroll","background-type":"","background-media":"","overlay-type":"","overlay-color":"","overlay-opacity":"","overlay-gradient":""}},"ast-content-background-meta":{"desktop":{"background-color":"var(--ast-global-color-5)","background-image":"","background-repeat":"repeat","background-position":"center center","background-size":"auto","background-attachment":"scroll","background-type":"","background-media":"","overlay-type":"","overlay-color":"","overlay-opacity":"","overlay-gradient":""},"tablet":{"background-color":"var(--ast-global-color-5)","background-image":"","background-repeat":"repeat","background-position":"center center","background-size":"auto","background-attachment":"scroll","background-type":"","background-media":"","overlay-type":"","overlay-color":"","overlay-opacity":"","overlay-gradient":""},"mobile":{"background-color":"var(--ast-global-color-5)","background-image":"","background-repeat":"repeat","background-position":"center center","background-size":"auto","background-attachment":"scroll","background-type":"","background-media":"","overlay-type":"","overlay-color":"","overlay-opacity":"","overlay-gradient":""}},"footnotes":""},"class_list":["post-2474","page","type-page","status-publish","hentry"],"uagb_featured_image_src":{"full":false,"thumbnail":false,"medium":false,"medium_large":false,"large":false,"1536x1536":false,"2048x2048":false,"trp-custom-language-flag":false},"uagb_author_info":{"display_name":"arios1591@gmail.com","author_link":"https:\/\/dusseldorf-tour.com\/es\/author\/arios1591gmail-com\/"},"uagb_comment_info":0,"uagb_excerpt":"Allgemeine Gesch\u00e4ftsbedingungen Die allgemeinen Gesch\u00e4ftsbedingungen regeln das Vertragsverh\u00e4ltnis zwischen dem Auftraggeber und WakingTour D\u00fcsseldorf, vertreten durch Alejandro Rios Aparicio. Mit [&hellip;]","_links":{"self":[{"href":"https:\/\/dusseldorf-tour.com\/es\/wp-json\/wp\/v2\/pages\/2474","targetHints":{"allow":["GET"]}}],"collection":[{"href":"https:\/\/dusseldorf-tour.com\/es\/wp-json\/wp\/v2\/pages"}],"about":[{"href":"https:\/\/dusseldorf-tour.com\/es\/wp-json\/wp\/v2\/types\/page"}],"author":[{"embeddable":true,"href":"https:\/\/dusseldorf-tour.com\/es\/wp-json\/wp\/v2\/users\/1"}],"replies":[{"embeddable":true,"href":"https:\/\/dusseldorf-tour.com\/es\/wp-json\/wp\/v2\/comments?post=2474"}],"version-history":[{"count":5,"href":"https:\/\/dusseldorf-tour.com\/es\/wp-json\/wp\/v2\/pages\/2474\/revisions"}],"predecessor-version":[{"id":3104,"href":"https:\/\/dusseldorf-tour.com\/es\/wp-json\/wp\/v2\/pages\/2474\/revisions\/3104"}],"wp:attachment":[{"href":"https:\/\/dusseldorf-tour.com\/es\/wp-json\/wp\/v2\/media?parent=2474"}],"curies":[{"name":"wp","href":"https:\/\/api.w.org\/{rel}","templated":true}]}}