{"id":2820,"date":"2024-08-30T22:13:51","date_gmt":"2024-08-30T22:13:51","guid":{"rendered":"https:\/\/dusseldorf-tour.com\/?page_id=2820"},"modified":"2024-09-23T18:29:50","modified_gmt":"2024-09-23T18:29:50","slug":"impressum","status":"publish","type":"page","link":"https:\/\/dusseldorf-tour.com\/es\/impressum\/","title":{"rendered":"Impresionante"},"content":{"rendered":"<h1 class=\"wp-block-heading\"><\/h1>\n\n\n\n<div style=\"height:100px\" aria-hidden=\"true\" class=\"wp-block-spacer\"><\/div>\n\n\n\n<div class=\"wp-block-uagb-container uagb-block-aaf98670 alignfull uagb-is-root-container\"><div class=\"uagb-container-inner-blocks-wrap\">\n<h1 class=\"wp-block-heading\">impressum<\/h1>\n\n\n\n<h2 class=\"wp-block-heading\">Angaben gem\u00e4\u00df \u00a7 5 TMG<\/h2>\n\n\n\n<p>Walking Tour D\u00fcsseldorf<br>Rethelstrasse 107<br>40237 D\u00fcsseldorf<\/p>\n\n\n\n<div class=\"wp-block-uagb-container uagb-block-7a29f221 alignfull uagb-is-root-container\"><div class=\"uagb-container-inner-blocks-wrap\">\n<p><\/p>\n<\/div><\/div>\n\n\n\n<p>Habitante: Alejandro R\u00edos Aparicio<br>Steuernummer 105\/5226\/2991<\/p>\n\n\n\n<h2 class=\"wp-block-heading\">Kontakt<\/h2>\n\n\n\n<p>Tel\u00e9fono +49 15566131208<br>Correo electr\u00f3nico: info@dusseldorf-tour.com<\/p>\n\n\n\n<h2 class=\"wp-block-heading\">Umsatzsteuer-ID<\/h2>\n\n\n\n<p>Umsatzsteuer-Identifikationsnummer gem\u00e4\u00df \u00a727 a Umsatzsteuergesetz:<br>DE XXX XXX XXX (in Bearbeitung)<\/p>\n\n\n\n<h2 class=\"wp-block-heading\">Haftung f\u00fcr Inhalte<\/h2>\n\n\n\n<p>Como distribuidores, de conformidad con el art\u00edculo 7, apartado 1, de la TMG, nos comprometemos a proporcionar informaci\u00f3n personal en estas p\u00e1ginas de acuerdo con todas las disposiciones generales. Nach \u00a7\u00a7 8 bis 10 TMG sind wir als Diensteanbieter jedoch nicht verpflichtet, \u00fcbermittelte oder gespeicherte fremde Informationen zu \u00fcberwachen oder nach Umst\u00e4nden zu forschen, die auf eine rechtswidrige T\u00e4tigkeit hinweisen.<\/p>\n\n\n\n<p>Verpflichtungen zur Entfernung oder Sperrung der Nutzung von Informationen nach den allgemeinen Gesetzen bleiben hiervon unber\u00fchrt. Eine diesbez\u00fcgliche Haftung ist jedoch erst ab dem Zeitpunkt der Kenntnist einer konkreten Rechtsverletzung m\u00f6glich. Nos reservamos el derecho de modificar esta informaci\u00f3n en cualquier momento.<\/p>\n\n\n\n<h3 class=\"wp-block-heading\">Haftung f\u00fcr Links<\/h3>\n\n\n\n<p>Nuestra oferta contiene enlaces a sitios web externos sobre los que no tenemos ninguna influencia. Por lo tanto, no podemos asumir ning\u00fan coste por estos contenidos gratuitos. En el caso de los contenidos de las p\u00e1ginas enlazadas, el \u00fanico responsable es el propietario de las p\u00e1ginas. Las p\u00e1ginas enlazadas est\u00e1n sujetas a posibles restricciones legales. Rechtswidrige Inhalte waren zum Zeitpunkt der Verlinkung nicht erkennbar.<\/p>\n\n\n\n<p>Sin embargo, no es posible realizar un control permanente de las p\u00e1ginas enlazadas sin tener en cuenta las consecuencias negativas de una reclamaci\u00f3n. En caso de que se produzcan violaciones de los derechos de propiedad intelectual, le enviaremos los enlaces correspondientes.<\/p>\n\n\n\n<h3 class=\"wp-block-heading\">Urheberrecht<\/h3>\n\n\n\n<p>Los contenidos y obras de estas p\u00e1ginas, elaborados por los propios autores, se ajustan al Derecho de propiedad intelectual alem\u00e1n. La consulta, edici\u00f3n, interpretaci\u00f3n y utilizaci\u00f3n de los mismos de conformidad con las leyes de derechos de autor exigen la autorizaci\u00f3n expresa de sus autores o editores. Las descargas y copias de esta p\u00e1gina est\u00e1n destinadas exclusivamente al uso privado y no comercial.<\/p>\n\n\n\n<p>Falls die Inhalte auf dieser Seite nicht vom Betreiber erstellt wurden, werden die Urheberrechte Dritter beachtet. Insbesondere werden Inhalte Dritter entsprechend gekennzeichnet. Sollten Sie dennoch auf eine Urheberrechtsverletzung aufmerksam werden, bitten wir Sie, uns darauf hinzuweisen. Bei Bekanntwerden von Rechtsverletzungen werden wir derartige Inhalte umgehend entfernen.<\/p>\n<\/div><\/div>\n\n\n\n<div style=\"height:100px\" aria-hidden=\"true\" class=\"wp-block-spacer\"><\/div>","protected":false},"excerpt":{"rendered":"<p>impressum Angaben gem\u00e4\u00df \u00a7 5 TMG Walking Tour D\u00fcsseldorfRethelstrasse 10740237 D\u00fcsseldorf Inhaber: Alejandro Rios AparicioSteuernummer 105\/5226\/2991 Kontakt Telefon: +49 15566131208E-Mail: [&hellip;]<\/p>\n","protected":false},"author":1,"featured_media":0,"parent":0,"menu_order":0,"comment_status":"closed","ping_status":"closed","template":"","meta":{"rank_math_lock_modified_date":false,"_uag_custom_page_level_css":"","site-sidebar-layout":"default","site-content-layout":"","ast-site-content-layout":"default","site-content-style":"default","site-sidebar-style":"default","ast-global-header-display":"","ast-banner-title-visibility":"","ast-main-header-display":"","ast-hfb-above-header-display":"","ast-hfb-below-header-display":"","ast-hfb-mobile-header-display":"","site-post-title":"disabled","ast-breadcrumbs-content":"","ast-featured-img":"","footer-sml-layout":"","theme-transparent-header-meta":"","adv-header-id-meta":"","stick-header-meta":"","header-above-stick-meta":"","header-main-stick-meta":"","header-below-stick-meta":"","astra-migrate-meta-layouts":"set","ast-page-background-enabled":"default","ast-page-background-meta":{"desktop":{"background-color":"","background-image":"","background-repeat":"repeat","background-position":"center center","background-size":"auto","background-attachment":"scroll","background-type":"","background-media":"","overlay-type":"","overlay-color":"","overlay-opacity":"","overlay-gradient":""},"tablet":{"background-color":"","background-image":"","background-repeat":"repeat","background-position":"center center","background-size":"auto","background-attachment":"scroll","background-type":"","background-media":"","overlay-type":"","overlay-color":"","overlay-opacity":"","overlay-gradient":""},"mobile":{"background-color":"","background-image":"","background-repeat":"repeat","background-position":"center center","background-size":"auto","background-attachment":"scroll","background-type":"","background-media":"","overlay-type":"","overlay-color":"","overlay-opacity":"","overlay-gradient":""}},"ast-content-background-meta":{"desktop":{"background-color":"var(--ast-global-color-5)","background-image":"","background-repeat":"repeat","background-position":"center center","background-size":"auto","background-attachment":"scroll","background-type":"","background-media":"","overlay-type":"","overlay-color":"","overlay-opacity":"","overlay-gradient":""},"tablet":{"background-color":"var(--ast-global-color-5)","background-image":"","background-repeat":"repeat","background-position":"center center","background-size":"auto","background-attachment":"scroll","background-type":"","background-media":"","overlay-type":"","overlay-color":"","overlay-opacity":"","overlay-gradient":""},"mobile":{"background-color":"var(--ast-global-color-5)","background-image":"","background-repeat":"repeat","background-position":"center center","background-size":"auto","background-attachment":"scroll","background-type":"","background-media":"","overlay-type":"","overlay-color":"","overlay-opacity":"","overlay-gradient":""}},"footnotes":""},"class_list":["post-2820","page","type-page","status-publish","hentry"],"uagb_featured_image_src":{"full":false,"thumbnail":false,"medium":false,"medium_large":false,"large":false,"1536x1536":false,"2048x2048":false,"trp-custom-language-flag":false},"uagb_author_info":{"display_name":"arios1591@gmail.com","author_link":"https:\/\/dusseldorf-tour.com\/es\/author\/arios1591gmail-com\/"},"uagb_comment_info":0,"uagb_excerpt":"impressum Angaben gem\u00e4\u00df \u00a7 5 TMG Walking Tour D\u00fcsseldorfRethelstrasse 10740237 D\u00fcsseldorf Inhaber: Alejandro Rios AparicioSteuernummer 105\/5226\/2991 Kontakt Telefon: +49 15566131208E-Mail: [&hellip;]","_links":{"self":[{"href":"https:\/\/dusseldorf-tour.com\/es\/wp-json\/wp\/v2\/pages\/2820","targetHints":{"allow":["GET"]}}],"collection":[{"href":"https:\/\/dusseldorf-tour.com\/es\/wp-json\/wp\/v2\/pages"}],"about":[{"href":"https:\/\/dusseldorf-tour.com\/es\/wp-json\/wp\/v2\/types\/page"}],"author":[{"embeddable":true,"href":"https:\/\/dusseldorf-tour.com\/es\/wp-json\/wp\/v2\/users\/1"}],"replies":[{"embeddable":true,"href":"https:\/\/dusseldorf-tour.com\/es\/wp-json\/wp\/v2\/comments?post=2820"}],"version-history":[{"count":4,"href":"https:\/\/dusseldorf-tour.com\/es\/wp-json\/wp\/v2\/pages\/2820\/revisions"}],"predecessor-version":[{"id":3057,"href":"https:\/\/dusseldorf-tour.com\/es\/wp-json\/wp\/v2\/pages\/2820\/revisions\/3057"}],"wp:attachment":[{"href":"https:\/\/dusseldorf-tour.com\/es\/wp-json\/wp\/v2\/media?parent=2820"}],"curies":[{"name":"wp","href":"https:\/\/api.w.org\/{rel}","templated":true}]}}