{"id":968,"date":"2024-07-18T20:58:58","date_gmt":"2024-07-18T20:58:58","guid":{"rendered":"https:\/\/dusseldorf-tour.com\/contact\/"},"modified":"2026-01-19T20:32:32","modified_gmt":"2026-01-19T20:32:32","slug":"pongase-en-contacto-con","status":"publish","type":"page","link":"https:\/\/dusseldorf-tour.com\/es\/pongase-en-contacto-con\/","title":{"rendered":"Contacto"},"content":{"rendered":"<div class=\"wp-block-uagb-container uagb-block-a5c34311 alignfull uagb-is-root-container\"><div class=\"uagb-container-inner-blocks-wrap\">\n<div class=\"wp-block-uagb-advanced-heading uagb-block-56d78999\"><h1 class=\"uagb-heading-text\">Contacto<\/h1><\/div>\n<\/div><\/div>\n\n\n\n<div class=\"wp-block-uagb-container uagb-block-2c65b361 alignwide uagb-is-root-container\">\n<div class=\"wp-block-uagb-container uagb-block-6a8cbe7b\">\n<div class=\"wp-block-uagb-advanced-heading uagb-block-dd77700c\"><h2 class=\"uagb-heading-text\">Env\u00edanos un mensaje<\/h2><p class=\"uagb-desc-text\">Si tienes alguna pregunta, deseas reservar un tour privado, tuviste alg\u00fan problema con la reserva de un Free Walking Tour, o necesitas m\u00e1s informaci\u00f3n sobre nuestros servicios, no dudes en ponerte en contacto con nosotros. Nuestro equipo estar\u00e1 encantado de ayudarte y de asegurarse de que tengas la mejor experiencia posible. Puedes enviarnos un mensaje a trav\u00e9s del formulario, llamarnos directamente o escribirnos un correo electr\u00f3nico. Responderemos a tu solicitud lo antes posible. <\/p><\/div>\n\n\n\n<div class=\"wp-block-uagb-icon-list uagb-block-bcdd2fbe\"><div class=\"uagb-icon-list__wrap\">\n<div class=\"wp-block-uagb-icon-list-child uagb-block-c47dbb7e\"><span class=\"uagb-icon-list__label\">info@dusseldorf-tour.com<\/span><\/div>\n\n\n\n<div class=\"wp-block-uagb-icon-list-child uagb-block-d4aa73b6\"><a target=\"_self\" aria-label=\"+49 15566131208\" rel=\"noopener noreferrer\" href=\"#\"> <\/a><span class=\"uagb-icon-list__source-wrap\"><svg xmlns=\"https:\/\/www.w3.org\/2000\/svg\" viewbox=\"0 0 512 512\"><path d=\"M18.92 351.2l108.5-46.52c12.78-5.531 27.77-1.801 36.45 8.98l44.09 53.82c69.25-34 125.5-90.31 159.5-159.5l-53.81-44.04c-10.75-8.781-14.41-23.69-8.974-36.47l46.51-108.5c6.094-13.91 21.1-21.52 35.79-18.11l100.8 23.25c14.25 3.25 24.22 15.8 24.22 30.46c0 252.3-205.2 457.5-457.5 457.5c-14.67 0-27.18-9.968-30.45-24.22l-23.25-100.8C-2.571 372.4 5.018 357.2 18.92 351.2z\"><\/path><\/svg><\/span><span class=\"uagb-icon-list__label\">+49 15566131208<\/span><\/div>\n\n\n\n<div class=\"wp-block-uagb-icon-list-child uagb-block-1fe00a14\"><a target=\"_blank\" aria-label=\"Whatsapp\" rel=\"noopener noreferrer\" href=\"https:\/\/wa.me\/message\/5UWTMKVFP3THG1\"> <\/a><span class=\"uagb-icon-list__source-wrap\"><svg xmlns=\"https:\/\/www.w3.org\/2000\/svg\" viewbox=\"0 0 512 512\"><path d=\"M256 0C114.6 0 0 114.6 0 256c0 141.4 114.6 256 256 256s256-114.6 256-256C512 114.6 397.4 0 256 0zM406.6 278.6l-103.1 103.1c-12.5 12.5-32.75 12.5-45.25 0s-12.5-32.75 0-45.25L306.8 288H128C110.3 288 96 273.7 96 256s14.31-32 32-32h178.8l-49.38-49.38c-12.5-12.5-12.5-32.75 0-45.25s32.75-12.5 45.25 0l103.1 103.1C414.6 241.3 416 251.1 416 256C416 260.9 414.6 270.7 406.6 278.6z\"><\/path><\/svg><\/span><span class=\"uagb-icon-list__label\">Whatsapp<\/span><\/div>\n<\/div><\/div>\n\n\n\n<div style=\"height:27px\" aria-hidden=\"true\" class=\"wp-block-spacer\"><\/div>\n\n\n\n<div class=\"wp-block-uagb-advanced-heading uagb-block-8bb04fef\"><h3 class=\"uagb-heading-text\">S\u00edganos:<\/h3><\/div>\n\n\n\n<div class=\"wp-block-uagb-container uagb-layout-flex uagb-block-4cd9f5eb alignwide uagb-is-root-container\">\n<div class=\"wp-block-uagb-container uagb-block-1792b7fb\">\n<figure class=\"wp-block-image size-full is-resized\"><a href=\"https:\/\/www.facebook.com\/people\/Walking-Tour-D%C3%BCsseldorf\/61567300466492\/\" target=\"_blank\" rel=\"noreferrer noopener\"><img loading=\"lazy\" decoding=\"async\" width=\"500\" height=\"500\" src=\"https:\/\/dusseldorf-tour.com\/wp-content\/uploads\/2024\/09\/3-5.png\" alt=\"\" class=\"wp-image-3398\" style=\"width:26px\" srcset=\"https:\/\/dusseldorf-tour.com\/wp-content\/uploads\/2024\/09\/3-5.png 500w, https:\/\/dusseldorf-tour.com\/wp-content\/uploads\/2024\/09\/3-5-300x300.png 300w, https:\/\/dusseldorf-tour.com\/wp-content\/uploads\/2024\/09\/3-5-150x150.png 150w, https:\/\/dusseldorf-tour.com\/wp-content\/uploads\/2024\/09\/3-5-12x12.png 12w\" sizes=\"auto, (max-width: 500px) 100vw, 500px\" \/><\/a><\/figure>\n<\/div>\n\n\n\n<div class=\"wp-block-uagb-container uagb-block-ad521456\">\n<figure class=\"wp-block-image size-full is-resized\"><a href=\"https:\/\/www.instagram.com\/walkingtourduss\/\" target=\"_blank\" rel=\"noreferrer noopener\"><img loading=\"lazy\" decoding=\"async\" width=\"500\" height=\"500\" src=\"https:\/\/dusseldorf-tour.com\/wp-content\/uploads\/2024\/09\/4-5.png\" alt=\"\" class=\"wp-image-3399\" style=\"width:26px\" srcset=\"https:\/\/dusseldorf-tour.com\/wp-content\/uploads\/2024\/09\/4-5.png 500w, https:\/\/dusseldorf-tour.com\/wp-content\/uploads\/2024\/09\/4-5-300x300.png 300w, https:\/\/dusseldorf-tour.com\/wp-content\/uploads\/2024\/09\/4-5-150x150.png 150w, https:\/\/dusseldorf-tour.com\/wp-content\/uploads\/2024\/09\/4-5-12x12.png 12w\" sizes=\"auto, (max-width: 500px) 100vw, 500px\" \/><\/a><\/figure>\n<\/div>\n\n\n\n<div class=\"wp-block-uagb-container uagb-block-fcd34800\">\n<figure class=\"wp-block-image size-full is-resized\"><a href=\"https:\/\/wa.me\/4915566131208\" target=\"_blank\" rel=\"noreferrer noopener\"><img loading=\"lazy\" decoding=\"async\" width=\"500\" height=\"500\" src=\"https:\/\/dusseldorf-tour.com\/wp-content\/uploads\/2024\/09\/6-2.png\" alt=\"\" class=\"wp-image-3401\" style=\"width:26px\" srcset=\"https:\/\/dusseldorf-tour.com\/wp-content\/uploads\/2024\/09\/6-2.png 500w, https:\/\/dusseldorf-tour.com\/wp-content\/uploads\/2024\/09\/6-2-300x300.png 300w, https:\/\/dusseldorf-tour.com\/wp-content\/uploads\/2024\/09\/6-2-150x150.png 150w, https:\/\/dusseldorf-tour.com\/wp-content\/uploads\/2024\/09\/6-2-12x12.png 12w\" sizes=\"auto, (max-width: 500px) 100vw, 500px\" \/><\/a><\/figure>\n<\/div>\n\n\n\n<div class=\"wp-block-uagb-container uagb-block-2b59c8c5\">\n<figure class=\"wp-block-image size-full is-resized\"><a href=\"https:\/\/www.guruwalk.com\/es\/walks\/57431-free-walking-tour-en-dusseldorf-el-tour-mas-completo-y-bonito-de-la-ciudad\" target=\"_blank\" rel=\"noreferrer noopener\"><img loading=\"lazy\" decoding=\"async\" width=\"500\" height=\"500\" src=\"https:\/\/dusseldorf-tour.com\/wp-content\/uploads\/2024\/09\/2-5.png\" alt=\"\" class=\"wp-image-3397\" style=\"width:26px\" srcset=\"https:\/\/dusseldorf-tour.com\/wp-content\/uploads\/2024\/09\/2-5.png 500w, https:\/\/dusseldorf-tour.com\/wp-content\/uploads\/2024\/09\/2-5-300x300.png 300w, https:\/\/dusseldorf-tour.com\/wp-content\/uploads\/2024\/09\/2-5-150x150.png 150w, https:\/\/dusseldorf-tour.com\/wp-content\/uploads\/2024\/09\/2-5-12x12.png 12w\" sizes=\"auto, (max-width: 500px) 100vw, 500px\" \/><\/a><\/figure>\n<\/div>\n\n\n\n<div class=\"wp-block-uagb-container uagb-block-8a0d4388\">\n<div class=\"wp-block-uagb-container uagb-block-e119d0d7\">\n<figure class=\"wp-block-image size-full is-resized\"><a href=\"https:\/\/g.page\/r\/CaUF7_PIY9Y6EBM\/review\" target=\"_blank\" rel=\"noreferrer noopener\"><img loading=\"lazy\" decoding=\"async\" width=\"500\" height=\"500\" src=\"https:\/\/dusseldorf-tour.com\/wp-content\/uploads\/2024\/09\/1-5.png\" alt=\"\" class=\"wp-image-3396\" style=\"width:26px\" srcset=\"https:\/\/dusseldorf-tour.com\/wp-content\/uploads\/2024\/09\/1-5.png 500w, https:\/\/dusseldorf-tour.com\/wp-content\/uploads\/2024\/09\/1-5-300x300.png 300w, https:\/\/dusseldorf-tour.com\/wp-content\/uploads\/2024\/09\/1-5-150x150.png 150w, https:\/\/dusseldorf-tour.com\/wp-content\/uploads\/2024\/09\/1-5-12x12.png 12w\" sizes=\"auto, (max-width: 500px) 100vw, 500px\" \/><\/a><\/figure>\n<\/div>\n<\/div>\n\n\n\n<div class=\"wp-block-uagb-container uagb-block-1415db1a\">\n<figure class=\"wp-block-image size-full is-resized\"><a href=\"https:\/\/www.tripadvisor.com\/Attraction_Review-g187373-d28158289-Reviews-Walking_Tour_Dusseldorf-Dusseldorf_North_Rhine_Westphalia.html\" target=\"_blank\" rel=\"noreferrer noopener\"><img loading=\"lazy\" decoding=\"async\" width=\"500\" height=\"500\" src=\"https:\/\/dusseldorf-tour.com\/wp-content\/uploads\/2024\/09\/5-1.png\" alt=\"\" class=\"wp-image-3400\" style=\"width:26px\" srcset=\"https:\/\/dusseldorf-tour.com\/wp-content\/uploads\/2024\/09\/5-1.png 500w, https:\/\/dusseldorf-tour.com\/wp-content\/uploads\/2024\/09\/5-1-300x300.png 300w, https:\/\/dusseldorf-tour.com\/wp-content\/uploads\/2024\/09\/5-1-150x150.png 150w, https:\/\/dusseldorf-tour.com\/wp-content\/uploads\/2024\/09\/5-1-12x12.png 12w\" sizes=\"auto, (max-width: 500px) 100vw, 500px\" \/><\/a><\/figure>\n<\/div>\n<\/div>\n<\/div>\n\n\n\n<div class=\"wp-block-uagb-forms uagb-forms__outer-wrap uagb-block-fb4426fe uagb-forms__default-btn\"><form class=\"uagb-forms-main-form\" method=\"post\" autocomplete=\"on\" name=\"uagb-form-fb4426fe\" action=\"\">\n<div class=\"wp-block-uagb-forms-name uagb-forms-name-wrap uagb-forms-field-set uagb-block-1e1ec994\"><div class=\"uagb-forms-name-label required uagb-forms-input-label\" id=\"1e1ec994\">Nombre<\/div><input type=\"text\" placeholder=\"\" required class=\"uagb-forms-name-input uagb-forms-input\" name=\"1e1ec994\" autocomplete=\"given-name\"\/><\/div>\n\n\n\n<div class=\"wp-block-uagb-forms-email uagb-forms-email-wrap uagb-forms-field-set uagb-block-74557148\"><div class=\"uagb-forms-email-label required uagb-forms-input-label\" id=\"74557148\">Correo electr\u00f3nico<\/div><input type=\"email\" class=\"uagb-forms-email-input uagb-forms-input\" placeholder=\"\" required name=\"74557148\" autocomplete=\"email\"\/><\/div>\n\n\n\n<div class=\"wp-block-uagb-forms-name uagb-forms-name-wrap uagb-forms-field-set uagb-block-6e55dc8e\"><div class=\"uagb-forms-name-label required uagb-forms-input-label\" id=\"6e55dc8e\">Asunto<\/div><input type=\"text\" placeholder=\"\" required class=\"uagb-forms-name-input uagb-forms-input\" name=\"6e55dc8e\" autocomplete=\"family-name\"\/><\/div>\n\n\n\n<div class=\"wp-block-uagb-forms-textarea uagb-forms-textarea-wrap uagb-forms-field-set uagb-block-58771dfe\"><div class=\"uagb-forms-textarea-label required uagb-forms-input-label\" id=\"58771dfe\"> Mensaje<\/div><textarea required class=\"uagb-forms-textarea-input uagb-forms-input\" rows=\"7\" placeholder=\"\" name=\"58771dfe\" autocomplete=\"off\"><\/textarea><\/div>\n<div class=\"uagb-forms-form-hidden-data\"><input type=\"hidden\" class=\"uagb_forms_form_label\" value=\"Formulario Spectra\"\/><input type=\"hidden\" class=\"uagb_forms_form_id\" value=\"uagb-form-fb4426fe\"\/><\/div><div class=\"uagb-form-reacaptcha-error-fb4426fe\"><\/div><div class=\"uagb-forms-main-submit-button-wrap wp-block-button\"><button class=\"uagb-forms-main-submit-button wp-block-button__link\"><div class=\"uagb-forms-main-submit-button-text\">Enviar<\/div><\/button><\/div><input type=\"hidden\" name=\"trp-form-language\" value=\"es\"\/><\/form><div class=\"uagb-forms-success-message-fb4426fe uagb-forms-submit-message-hide\"><span>The form has been submitted successfully! Thank you very much for trusting us.<\/span><\/div><div class=\"uagb-forms-failed-message-fb4426fe uagb-forms-submit-message-hide\"><span>An error occurred while submitting the form. Please check all fields again.<\/span><\/div><\/div>\n<\/div>\n\n\n\n<div class=\"wp-block-uagb-container uagb-block-f1edde05 alignfull uagb-is-root-container\"><\/div>","protected":false},"excerpt":{"rendered":"<p>Contact Send us a message If you have any questions, would like to book a private tour, have a problem [&hellip;]<\/p>\n","protected":false},"author":1,"featured_media":0,"parent":0,"menu_order":0,"comment_status":"closed","ping_status":"closed","template":"","meta":{"rank_math_lock_modified_date":false,"_uag_custom_page_level_css":"","site-sidebar-layout":"no-sidebar","site-content-layout":"plain-container","ast-site-content-layout":"full-width-container","site-content-style":"unboxed","site-sidebar-style":"unboxed","ast-global-header-display":"","ast-banner-title-visibility":"","ast-main-header-display":"","ast-hfb-above-header-display":"","ast-hfb-below-header-display":"","ast-hfb-mobile-header-display":"","site-post-title":"disabled","ast-breadcrumbs-content":"","ast-featured-img":"disabled","footer-sml-layout":"","theme-transparent-header-meta":"enabled","adv-header-id-meta":"","stick-header-meta":"","header-above-stick-meta":"","header-main-stick-meta":"","header-below-stick-meta":"","astra-migrate-meta-layouts":"set","ast-page-background-enabled":"default","ast-page-background-meta":{"desktop":{"background-color":"","background-image":"","background-repeat":"repeat","background-position":"center center","background-size":"auto","background-attachment":"scroll","background-type":"","background-media":"","overlay-type":"","overlay-color":"","overlay-opacity":"","overlay-gradient":""},"tablet":{"background-color":"","background-image":"","background-repeat":"repeat","background-position":"center center","background-size":"auto","background-attachment":"scroll","background-type":"","background-media":"","overlay-type":"","overlay-color":"","overlay-opacity":"","overlay-gradient":""},"mobile":{"background-color":"","background-image":"","background-repeat":"repeat","background-position":"center center","background-size":"auto","background-attachment":"scroll","background-type":"","background-media":"","overlay-type":"","overlay-color":"","overlay-opacity":"","overlay-gradient":""}},"ast-content-background-meta":{"desktop":{"background-color":"var(--ast-global-color-5)","background-image":"","background-repeat":"repeat","background-position":"center center","background-size":"auto","background-attachment":"scroll","background-type":"","background-media":"","overlay-type":"","overlay-color":"","overlay-opacity":"","overlay-gradient":""},"tablet":{"background-color":"var(--ast-global-color-5)","background-image":"","background-repeat":"repeat","background-position":"center center","background-size":"auto","background-attachment":"scroll","background-type":"","background-media":"","overlay-type":"","overlay-color":"","overlay-opacity":"","overlay-gradient":""},"mobile":{"background-color":"var(--ast-global-color-5)","background-image":"","background-repeat":"repeat","background-position":"center center","background-size":"auto","background-attachment":"scroll","background-type":"","background-media":"","overlay-type":"","overlay-color":"","overlay-opacity":"","overlay-gradient":""}},"footnotes":""},"class_list":["post-968","page","type-page","status-publish","hentry"],"uagb_featured_image_src":{"full":false,"thumbnail":false,"medium":false,"medium_large":false,"large":false,"1536x1536":false,"2048x2048":false,"trp-custom-language-flag":false},"uagb_author_info":{"display_name":"arios1591@gmail.com","author_link":"https:\/\/dusseldorf-tour.com\/es\/author\/arios1591gmail-com\/"},"uagb_comment_info":0,"uagb_excerpt":"Contact Send us a message If you have any questions, would like to book a private tour, have a problem [&hellip;]","_links":{"self":[{"href":"https:\/\/dusseldorf-tour.com\/es\/wp-json\/wp\/v2\/pages\/968","targetHints":{"allow":["GET"]}}],"collection":[{"href":"https:\/\/dusseldorf-tour.com\/es\/wp-json\/wp\/v2\/pages"}],"about":[{"href":"https:\/\/dusseldorf-tour.com\/es\/wp-json\/wp\/v2\/types\/page"}],"author":[{"embeddable":true,"href":"https:\/\/dusseldorf-tour.com\/es\/wp-json\/wp\/v2\/users\/1"}],"replies":[{"embeddable":true,"href":"https:\/\/dusseldorf-tour.com\/es\/wp-json\/wp\/v2\/comments?post=968"}],"version-history":[{"count":53,"href":"https:\/\/dusseldorf-tour.com\/es\/wp-json\/wp\/v2\/pages\/968\/revisions"}],"predecessor-version":[{"id":4169,"href":"https:\/\/dusseldorf-tour.com\/es\/wp-json\/wp\/v2\/pages\/968\/revisions\/4169"}],"wp:attachment":[{"href":"https:\/\/dusseldorf-tour.com\/es\/wp-json\/wp\/v2\/media?parent=968"}],"curies":[{"name":"wp","href":"https:\/\/api.w.org\/{rel}","templated":true}]}}